{"id":2,"date":"2021-08-23T18:32:12","date_gmt":"2021-08-23T18:32:12","guid":{"rendered":"https:\/\/shop.fifix.fi\/?page_id=2"},"modified":"2022-01-06T22:03:26","modified_gmt":"2022-01-06T20:03:26","slug":"toimitus-ja-maksuehdot","status":"publish","type":"page","link":"https:\/\/shop.fifix.fi\/?page_id=2","title":{"rendered":"Kun tilaat"},"content":{"rendered":"\n<h2 class=\"wp-block-heading\">Tilaus:<\/h2>\n\n\n\n<p><span style=\"text-decoration: underline;\">Voidaksesi tilata tuotteita Fifix Europe ry:n nettipuodista on sinun rekister\u00f6idytt\u00e4v\u00e4 k\u00e4ytt\u00e4j\u00e4ksi.<\/span> Voit lukea k\u00e4ytt\u00e4j\u00e4rekisteriin ker\u00e4tt\u00e4vist\u00e4 tiedoista ja k\u00e4ytt\u00f6tarkoituksista Fifix Europe ry:n nettipuodin <a href=\"https:\/\/shop.fifix.fi\/?page_id=37\" target=\"_blank\" rel=\"noreferrer noopener\">tietosuojaselosteesta<\/a>.<\/p>\n\n\n\n<h2 class=\"wp-block-heading\">Toimitustavat, maksutavat ja toimituskulut:<\/h2>\n\n\n\n<p><strong>Tilatut tuotteet toimitetaan p\u00e4\u00e4s\u00e4\u00e4nt\u00f6isesti kirjepostina postilaatikkoon, postipakettina postiin tai postin pakettiautomaattiin. Mik\u00e4li toivot muun toimitustavan, otathan yhteytt\u00e4 heti tilauksen tehty\u00e4si s\u00e4hk\u00f6postitse:<\/strong> <strong>shopping@fifix.fi<\/strong><\/p>\n\n\n\n<p>Alle 20\u20ac tilauksissa perit\u00e4\u00e4n toimitus-\/postikuluja 2,50\u20ac mik\u00e4li ei toisin mainita. Yli 20\u20ac tilaukset toimitamme maksutta.<\/p>\n\n\n\n<p><strong>Saat aina s\u00e4hk\u00f6postiisi <\/strong><strong>maksuohjeet sis\u00e4lt\u00e4v\u00e4n <\/strong><strong>tilausvahvistuksen onnistuneen tilauksenteon j\u00e4lkeen.<\/strong> Mik\u00e4li et saa tilausvahvistusta, tarkista ensin roskapostisi ja ole vasta sen j\u00e4lkeen yhteydess\u00e4 asiakaspalveluun s\u00e4hk\u00f6postitse <strong>shopping@fifix.fi<\/strong><br><br>Tilauksesi pyrit\u00e4\u00e4n l\u00e4hett\u00e4m\u00e4\u00e4n viiden arkip\u00e4iv\u00e4n kuluessa siit\u00e4 kun maksettu lasku n\u00e4kyy tilill\u00e4mme. Postitukset pyrit\u00e4\u00e4n hoitamaan keskitetysti, kerran viikossa. Ajoittain tilauksissa voi kuitenkin olla ruuhkaa, jolloin tilauksien toimituksessa voi olla viivett\u00e4.<\/p>\n\n\n\n<p>Mik\u00e4li tilauksesi toimitetaan Postipakettina postiin, tulee l\u00e4hetys noutaa joko tekstiviestitse tai s\u00e4hk\u00f6postitse sinulle toimitetulla l\u00e4hetystunnuksella. Pakettia noudettaessa on aina todistettava henkil\u00f6llisyytens\u00e4.<\/p>\n\n\n\n<p><br><strong>HUOM! Mik\u00e4li et saa l\u00e4hetystunnusta\/saapumisilmoitusta, ole yhteydess\u00e4 nettipuodin asiakaspalveluun<\/strong>  <strong>shopping@fifix.fi<\/strong> <\/p>\n\n\n\n<p><strong>Otathan huomioon, ett\u00e4 nettipuoti toimii t\u00e4ysin vapaaehtoisvoimin, emmek\u00e4 voi aina olla heti tavoitettavissa.<\/strong><\/p>\n\n\n\n<h2 class=\"wp-block-heading\">Toimitusaika ja toimitusosoite:<\/h2>\n\n\n\n<p>Arvioitu toimitusaika on 3-10 arkip\u00e4iv\u00e4\u00e4 siit\u00e4 kun maksettu lasku n\u00e4kyy tilill\u00e4mme. Jos toimituksen arvioidaan kest\u00e4v\u00e4n pidemp\u00e4\u00e4n tai tuote on kokonaan tai tilap\u00e4isesti loppunut, ilmoitamme siit\u00e4 asiakkaalle joko puhelimitse tai s\u00e4hk\u00f6postilla. N\u00e4iss\u00e4 tilanteissa asiakkaalla on mahdollisuus vaihtaa tuotteet toisiin samanhintaisiin tuotteisiin. Tilaus voidaan my\u00f6s peruuttaa ja rahat palautetaan viipym\u00e4tt\u00e4 asiakkaan tilille (jos tilaus on jo maksettu).<br><br>Asiakas vastaa ilmoittamansa toimitusosoitteen ja yhteystietojensa oikeellisuudesta. Mik\u00e4li tilauksen toimitus viiv\u00e4styy, l\u00e4hetys katoaa tai toimitus estyy puutteellisten tai virheellisten osoitetietojen\/yhteystietojen vuoksi, ei Fifix ole velvollinen korvaamaan kadonnutta l\u00e4hetyst\u00e4.<\/p>\n\n\n\n<h2 class=\"wp-block-heading\">Palauttaminen:<\/h2>\n\n\n\n<p>Uusilla tuotteilla on 14 p\u00e4iv\u00e4n palautusaika. Palauttamisesta aiheutuvat kulut maksaa ostaja, Fifix palauttaa ostajalle ainoastaan palautetun tuotteen hinnan.<\/p>\n\n\n\n<p><span class=\"has-inline-color has-vivid-red-color\">Huom! K\u00e4ytetyill\u00e4 tai huutokauppatuotteilla ei ole palautusoikeutta.<\/span><\/p>\n\n\n\n<h2 class=\"wp-block-heading\">Reklamaatio:<\/h2>\n\n\n\n<p>Asiakkaan velvollisuus on tarkistaa tilauksen sis\u00e4lt\u00f6, tuotteiden kunto ja vastaanotettu kappalem\u00e4\u00e4r\u00e4 huolellisesti viipym\u00e4tt\u00e4, kun tilaus on vastaanotettu.<br><br><strong>Mik\u00e4li tilauksessa on toimitettu v\u00e4\u00e4r\u00e4 tuote, v\u00e4\u00e4r\u00e4 tuotteiden m\u00e4\u00e4r\u00e4 tai tuotteessa on virhe<\/strong>, tulee siit\u00e4 ilmoittaa viipym\u00e4tt\u00e4 Fifix Europe ry:lle s\u00e4hk\u00f6postilla <strong>shopping@fifix.fi<\/strong><\/p>\n\n\n\n<p><br><strong>HUOM! \u00c4l\u00e4 l\u00e4het\u00e4 tuotetta meille takaisin, ennenkuin olet saanut asiakaspalvelulta ohjeet reklamointiin.<br><\/strong><br>Mik\u00e4li tuotteessa on virhe, liit\u00e4 s\u00e4hk\u00f6postiin kuva vaurioituneesta tuotteesta siten, ett\u00e4 koko tuote n\u00e4kyy kuvassa ja vaurio on selv\u00e4sti n\u00e4ht\u00e4viss\u00e4.<br><br><strong>Kuljetuksessa rikkoutuneet l\u00e4hetykset<\/strong><\/p>\n\n\n\n<p>Toisinaan huolellisesta pakkaamisesta huolimatta l\u00e4hetykset voivat vaurioitua kuljetuksen aikana. Tarkista siis l\u00e4hetyksesi kunto jo pakettia noudettaessa, virkailijan l\u00e4sn\u00e4ollessa. Jos paketti on vaurioitunut kuljetuksen aikana ja tilaamasi tuotteet ovat vaurioituneet, tee asiasta heti vahinkoilmoitus postille. Ota vahinkoilmoituksen teon j\u00e4lkeen yhteytt\u00e4 asiakaspalveluumme  <strong>shopping@fifix.fi<\/strong> . Liit\u00e4 s\u00e4hk\u00f6postiin kuva vaurioituneesta tuotteesta\/l\u00e4hetyksest\u00e4.<\/p>\n\n\n\n<h2 class=\"wp-block-heading\">Asiakkuus ja noutamattomat l\u00e4hetykset:<\/h2>\n\n\n\n<p>Fifix Europe ry:ll\u00e4 on harkintansa mukaan oikeus peruuttaa asiakkaan tekem\u00e4t tilaukset ilman eri ilmoitusta toistaiseksi tai kokonaan.<\/p>\n\n\n\n<p>Noutamattomasta l\u00e4hetyksest\u00e4 veloitettava summa on aina v\u00e4hint\u00e4\u00e4n 10 euroa, joka perit\u00e4\u00e4n j\u00e4lkik\u00e4teen ja se kattaa tilauksen pakkausmateraaleista, k\u00e4sittelyst\u00e4, l\u00e4hetyksest\u00e4 ja palautuksesta aiheutuneet kulut.<\/p>\n\n\n\n<p>Fifix Europe ry ei vastaa siit\u00e4, mik\u00e4li tilauksen toimitus estyy, vaikeutuu tai my\u00f6h\u00e4styy ylivoimaisen esteen tai Fifix Europe ry:n nettipuodin vaikutusmahdollisuuksien ulkopuolella olevasta syyst\u00e4 (force majeure). T\u00e4llaisia syit\u00e4 ovat esimerkiksi sota, luonnonmullistukset, vienti- tai tuontikiellot, viranomaisen p\u00e4\u00e4t\u00f6s, yleisen liikenteen h\u00e4iriintyminen tai muu vastaava toimintaa vaikeuttava tai est\u00e4v\u00e4 seikka. Fifix Europe ry pid\u00e4tt\u00e4\u00e4 oikeuden muuttaa toimitusehtojaan. Tilaajan velvollisuus on ennen tilauksentekoa tutustua kulloinkin voimassa oleviin toimitusehtoihin.<\/p>\n\n\n\n<h1 class=\"wp-block-heading\">Yhteystiedot<\/h1>\n\n\n\n<p><strong>Fifix Europe ry<\/strong><br>Perusm\u00e4entie 27 B<br>02920 ESPOO<br>Suomi<br>Y-tunnus:&nbsp;<strong>3153560-6<\/strong><\/p>\n\n\n\n<p>Tilauksia koskevat yhteydenotot s\u00e4hk\u00f6postitse: shopping@fifix.fi<\/p>\n\n\n\n<p>Tutustu yhdistyksen toimintaan osoitteessa:&nbsp;<a href=\"http:\/\/viipurinkoirat.fi\/\" rel=\"noreferrer noopener\" target=\"_blank\">fifix.fi<\/a>  ja <a href=\"https:\/\/www.facebook.com\/groups\/fifix\" target=\"_blank\" rel=\"noreferrer noopener\">https:\/\/www.facebook.com\/groups\/fifix<\/a><\/p>\n\n\n\n<p><\/p>\n","protected":false},"excerpt":{"rendered":"<p>Tilaus: Voidaksesi tilata tuotteita Fifix Europe ry:n nettipuodista on sinun rekister\u00f6idytt\u00e4v\u00e4 k\u00e4ytt\u00e4j\u00e4ksi. Voit lukea k\u00e4ytt\u00e4j\u00e4rekisteriin ker\u00e4tt\u00e4vist\u00e4 tiedoista ja k\u00e4ytt\u00f6tarkoituksista Fifix Europe ry:n nettipuodin tietosuojaselosteesta. Toimitustavat, maksutavat ja toimituskulut: Tilatut tuotteet toimitetaan p\u00e4\u00e4s\u00e4\u00e4nt\u00f6isesti kirjepostina postilaatikkoon, postipakettina postiin tai postin pakettiautomaattiin. Mik\u00e4li toivot muun toimitustavan, otathan yhteytt\u00e4 heti tilauksen tehty\u00e4si s\u00e4hk\u00f6postitse: shopping@fifix.fi Alle 20\u20ac tilauksissa perit\u00e4\u00e4n toimitus-\/postikuluja [&hellip;]<\/p>\n","protected":false},"author":1,"featured_media":0,"parent":0,"menu_order":0,"comment_status":"closed","ping_status":"open","template":"","meta":{"footnotes":""},"class_list":["post-2","page","type-page","status-publish","hentry"],"yoast_head":"<!-- This site is optimized with the Yoast SEO plugin v27.5 - https:\/\/yoast.com\/product\/yoast-seo-wordpress\/ -->\n<title>Kun tilaat - Fifix nettipuoti<\/title>\n<meta name=\"description\" content=\"Tuotteiden tilaus-, toimitus- ja maksuehdot\" \/>\n<meta name=\"robots\" content=\"index, follow, max-snippet:-1, max-image-preview:large, max-video-preview:-1\" \/>\n<link rel=\"canonical\" href=\"https:\/\/shop.fifix.fi\/?page_id=2\" \/>\n<meta property=\"og:locale\" content=\"fi_FI\" \/>\n<meta property=\"og:type\" content=\"article\" \/>\n<meta property=\"og:title\" content=\"Kun tilaat - Fifix nettipuoti\" \/>\n<meta property=\"og:description\" content=\"Tuotteiden tilaus-, toimitus- ja maksuehdot\" \/>\n<meta property=\"og:url\" content=\"https:\/\/shop.fifix.fi\/?page_id=2\" \/>\n<meta property=\"og:site_name\" content=\"Fifix nettipuoti\" \/>\n<meta property=\"article:publisher\" content=\"https:\/\/fi-fi.facebook.com\/groups\/fifix\/\" \/>\n<meta property=\"article:modified_time\" content=\"2022-01-06T20:03:26+00:00\" \/>\n<meta property=\"og:image\" content=\"https:\/\/shop.fifix.fi\/wp-content\/uploads\/2021\/08\/Fifix-Europe-ry-logopsd-nettipuoti-1.jpg\" \/>\n\t<meta property=\"og:image:width\" content=\"300\" \/>\n\t<meta property=\"og:image:height\" content=\"305\" \/>\n\t<meta property=\"og:image:type\" content=\"image\/jpeg\" \/>\n<meta name=\"twitter:card\" content=\"summary_large_image\" \/>\n<meta name=\"twitter:label1\" content=\"Arvioitu lukuaika\" \/>\n\t<meta name=\"twitter:data1\" content=\"4 minuuttia\" \/>\n<script type=\"application\/ld+json\" class=\"yoast-schema-graph\">{\"@context\":\"https:\\\/\\\/schema.org\",\"@graph\":[{\"@type\":\"WebPage\",\"@id\":\"https:\\\/\\\/shop.fifix.fi\\\/?page_id=2\",\"url\":\"https:\\\/\\\/shop.fifix.fi\\\/?page_id=2\",\"name\":\"Kun tilaat - Fifix nettipuoti\",\"isPartOf\":{\"@id\":\"https:\\\/\\\/shop.fifix.fi\\\/#website\"},\"datePublished\":\"2021-08-23T18:32:12+00:00\",\"dateModified\":\"2022-01-06T20:03:26+00:00\",\"description\":\"Tuotteiden tilaus-, toimitus- ja maksuehdot\",\"breadcrumb\":{\"@id\":\"https:\\\/\\\/shop.fifix.fi\\\/?page_id=2#breadcrumb\"},\"inLanguage\":\"fi\",\"potentialAction\":[{\"@type\":\"ReadAction\",\"target\":[\"https:\\\/\\\/shop.fifix.fi\\\/?page_id=2\"]}]},{\"@type\":\"BreadcrumbList\",\"@id\":\"https:\\\/\\\/shop.fifix.fi\\\/?page_id=2#breadcrumb\",\"itemListElement\":[{\"@type\":\"ListItem\",\"position\":1,\"name\":\"Etusivu\",\"item\":\"https:\\\/\\\/shop.fifix.fi\\\/\"},{\"@type\":\"ListItem\",\"position\":2,\"name\":\"Kun tilaat\"}]},{\"@type\":\"WebSite\",\"@id\":\"https:\\\/\\\/shop.fifix.fi\\\/#website\",\"url\":\"https:\\\/\\\/shop.fifix.fi\\\/\",\"name\":\"Fifix nettipuoti\",\"description\":\"Fifix Europe ry:n nettipuoti\",\"publisher\":{\"@id\":\"https:\\\/\\\/shop.fifix.fi\\\/#organization\"},\"potentialAction\":[{\"@type\":\"SearchAction\",\"target\":{\"@type\":\"EntryPoint\",\"urlTemplate\":\"https:\\\/\\\/shop.fifix.fi\\\/?s={search_term_string}\"},\"query-input\":{\"@type\":\"PropertyValueSpecification\",\"valueRequired\":true,\"valueName\":\"search_term_string\"}}],\"inLanguage\":\"fi\"},{\"@type\":\"Organization\",\"@id\":\"https:\\\/\\\/shop.fifix.fi\\\/#organization\",\"name\":\"Fifix nettipuoti\",\"url\":\"https:\\\/\\\/shop.fifix.fi\\\/\",\"logo\":{\"@type\":\"ImageObject\",\"inLanguage\":\"fi\",\"@id\":\"https:\\\/\\\/shop.fifix.fi\\\/#\\\/schema\\\/logo\\\/image\\\/\",\"url\":\"https:\\\/\\\/shop.fifix.fi\\\/wp-content\\\/uploads\\\/2021\\\/08\\\/nettipuoti.gif\",\"contentUrl\":\"https:\\\/\\\/shop.fifix.fi\\\/wp-content\\\/uploads\\\/2021\\\/08\\\/nettipuoti.gif\",\"width\":400,\"height\":407,\"caption\":\"Fifix nettipuoti\"},\"image\":{\"@id\":\"https:\\\/\\\/shop.fifix.fi\\\/#\\\/schema\\\/logo\\\/image\\\/\"},\"sameAs\":[\"https:\\\/\\\/fi-fi.facebook.com\\\/groups\\\/fifix\\\/\"]}]}<\/script>\n<!-- \/ Yoast SEO plugin. -->","yoast_head_json":{"title":"Kun tilaat - Fifix nettipuoti","description":"Tuotteiden tilaus-, toimitus- ja maksuehdot","robots":{"index":"index","follow":"follow","max-snippet":"max-snippet:-1","max-image-preview":"max-image-preview:large","max-video-preview":"max-video-preview:-1"},"canonical":"https:\/\/shop.fifix.fi\/?page_id=2","og_locale":"fi_FI","og_type":"article","og_title":"Kun tilaat - Fifix nettipuoti","og_description":"Tuotteiden tilaus-, toimitus- ja maksuehdot","og_url":"https:\/\/shop.fifix.fi\/?page_id=2","og_site_name":"Fifix nettipuoti","article_publisher":"https:\/\/fi-fi.facebook.com\/groups\/fifix\/","article_modified_time":"2022-01-06T20:03:26+00:00","og_image":[{"width":300,"height":305,"url":"https:\/\/shop.fifix.fi\/wp-content\/uploads\/2021\/08\/Fifix-Europe-ry-logopsd-nettipuoti-1.jpg","type":"image\/jpeg"}],"twitter_card":"summary_large_image","twitter_misc":{"Arvioitu lukuaika":"4 minuuttia"},"schema":{"@context":"https:\/\/schema.org","@graph":[{"@type":"WebPage","@id":"https:\/\/shop.fifix.fi\/?page_id=2","url":"https:\/\/shop.fifix.fi\/?page_id=2","name":"Kun tilaat - Fifix nettipuoti","isPartOf":{"@id":"https:\/\/shop.fifix.fi\/#website"},"datePublished":"2021-08-23T18:32:12+00:00","dateModified":"2022-01-06T20:03:26+00:00","description":"Tuotteiden tilaus-, toimitus- ja maksuehdot","breadcrumb":{"@id":"https:\/\/shop.fifix.fi\/?page_id=2#breadcrumb"},"inLanguage":"fi","potentialAction":[{"@type":"ReadAction","target":["https:\/\/shop.fifix.fi\/?page_id=2"]}]},{"@type":"BreadcrumbList","@id":"https:\/\/shop.fifix.fi\/?page_id=2#breadcrumb","itemListElement":[{"@type":"ListItem","position":1,"name":"Etusivu","item":"https:\/\/shop.fifix.fi\/"},{"@type":"ListItem","position":2,"name":"Kun tilaat"}]},{"@type":"WebSite","@id":"https:\/\/shop.fifix.fi\/#website","url":"https:\/\/shop.fifix.fi\/","name":"Fifix nettipuoti","description":"Fifix Europe ry:n nettipuoti","publisher":{"@id":"https:\/\/shop.fifix.fi\/#organization"},"potentialAction":[{"@type":"SearchAction","target":{"@type":"EntryPoint","urlTemplate":"https:\/\/shop.fifix.fi\/?s={search_term_string}"},"query-input":{"@type":"PropertyValueSpecification","valueRequired":true,"valueName":"search_term_string"}}],"inLanguage":"fi"},{"@type":"Organization","@id":"https:\/\/shop.fifix.fi\/#organization","name":"Fifix nettipuoti","url":"https:\/\/shop.fifix.fi\/","logo":{"@type":"ImageObject","inLanguage":"fi","@id":"https:\/\/shop.fifix.fi\/#\/schema\/logo\/image\/","url":"https:\/\/shop.fifix.fi\/wp-content\/uploads\/2021\/08\/nettipuoti.gif","contentUrl":"https:\/\/shop.fifix.fi\/wp-content\/uploads\/2021\/08\/nettipuoti.gif","width":400,"height":407,"caption":"Fifix nettipuoti"},"image":{"@id":"https:\/\/shop.fifix.fi\/#\/schema\/logo\/image\/"},"sameAs":["https:\/\/fi-fi.facebook.com\/groups\/fifix\/"]}]}},"jetpack_sharing_enabled":true,"_links":{"self":[{"href":"https:\/\/shop.fifix.fi\/index.php?rest_route=\/wp\/v2\/pages\/2","targetHints":{"allow":["GET"]}}],"collection":[{"href":"https:\/\/shop.fifix.fi\/index.php?rest_route=\/wp\/v2\/pages"}],"about":[{"href":"https:\/\/shop.fifix.fi\/index.php?rest_route=\/wp\/v2\/types\/page"}],"author":[{"embeddable":true,"href":"https:\/\/shop.fifix.fi\/index.php?rest_route=\/wp\/v2\/users\/1"}],"replies":[{"embeddable":true,"href":"https:\/\/shop.fifix.fi\/index.php?rest_route=%2Fwp%2Fv2%2Fcomments&post=2"}],"version-history":[{"count":8,"href":"https:\/\/shop.fifix.fi\/index.php?rest_route=\/wp\/v2\/pages\/2\/revisions"}],"predecessor-version":[{"id":677,"href":"https:\/\/shop.fifix.fi\/index.php?rest_route=\/wp\/v2\/pages\/2\/revisions\/677"}],"wp:attachment":[{"href":"https:\/\/shop.fifix.fi\/index.php?rest_route=%2Fwp%2Fv2%2Fmedia&parent=2"}],"curies":[{"name":"wp","href":"https:\/\/api.w.org\/{rel}","templated":true}]}}