{"id":48,"date":"2021-08-25T18:00:47","date_gmt":"2021-08-25T18:00:47","guid":{"rendered":"https:\/\/shop.fifix.fi\/?page_id=48"},"modified":"2023-05-18T20:47:32","modified_gmt":"2023-05-18T18:47:32","slug":"etusivu","status":"publish","type":"page","link":"https:\/\/shop.fifix.fi\/","title":{"rendered":"Tervetuloa!"},"content":{"rendered":"\n<p class=\"has-medium-font-size\"><strong><mark style=\"background-color:rgba(0, 0, 0, 0)\" class=\"has-inline-color has-vivid-purple-color\"><\/mark><\/strong><\/p>\n\n\n\n<p class=\"has-text-color has-large-font-size\" style=\"color:#3b3d81\"><strong><mark>Tervetuloa Fifix Europe ry:n kaikenkarvaisten nelijalkaisten hyv\u00e4ksi toimivaan nettipuotiin!<\/mark><\/strong><\/p>\n\n\n\n<p class=\"has-text-color has-large-font-size\" style=\"color:#3b3d81\"><strong><a href=\"https:\/\/shop.fifix.fi\/?post_type=product\"><span style=\"text-decoration: underline;\">NETTIPUODISTA <\/span><\/a><\/strong>voit ostaa<strong> <a href=\"https:\/\/shop.fifix.fi\/?product_cat=huivit-koirille\" target=\"_blank\" rel=\"noreferrer noopener\">ihania punaisia koirahuiveja<\/a><\/strong>! <\/p>\n\n\n\n<p class=\"has-text-color has-large-font-size\" style=\"color:#3b3d81\"><strong>Nettipuodin &#8221;osta heti&#8221; -tuotteista saatava tuotto kohdistetaan sterilointity\u00f6h\u00f6n sek\u00e4 romanialaisen <em>Sache Foundationin el\u00e4insairaalaprojektiin<\/em>. Lis\u00e4\u00e4 projektista t\u00e4m\u00e4n <a href=\"https:\/\/shop.fifix.fi\/?product_cat=sache-projekti\" target=\"_blank\" rel=\"noreferrer noopener\">linkin <\/a>takaa.<\/strong> Kaikki normaaliin tilaamiseen ja toimituksiin liittyv\u00e4 info l\u00f6ytyy <a href=\"https:\/\/shop.fifix.fi\/?page_id=2\" target=\"_blank\" rel=\"noreferrer noopener\"><strong>t\u00e4m\u00e4n linkin takaa<\/strong><\/a>. <\/p>\n\n\n\n<p>Ongelmatilanteissa ota meihin yhteytt\u00e4 s\u00e4hk\u00f6postitse: shopping@admin_puoti<\/p>\n\n\n\n<p><strong>Lis\u00e4tietoa yhdistyksest\u00e4<\/strong>   <a href=\"https:\/\/fifix.fi\" target=\"_blank\" rel=\"noreferrer noopener\">https:\/\/fifix.fi<\/a> ja <a href=\"https:\/\/www.facebook.com\/groups\/fifix\" target=\"_blank\" rel=\"noreferrer noopener\">https:\/\/www.facebook.com\/groups\/fifix<\/a> <\/p>\n","protected":false},"excerpt":{"rendered":"<p>Tervetuloa Fifix Europe ry:n kaikenkarvaisten nelijalkaisten hyv\u00e4ksi toimivaan nettipuotiin! NETTIPUODISTA voit ostaa ihania punaisia koirahuiveja! Nettipuodin &#8221;osta heti&#8221; -tuotteista saatava tuotto kohdistetaan sterilointity\u00f6h\u00f6n sek\u00e4 romanialaisen Sache Foundationin el\u00e4insairaalaprojektiin. Lis\u00e4\u00e4 projektista t\u00e4m\u00e4n linkin takaa. Kaikki normaaliin tilaamiseen ja toimituksiin liittyv\u00e4 info l\u00f6ytyy t\u00e4m\u00e4n linkin takaa. Ongelmatilanteissa ota meihin yhteytt\u00e4 s\u00e4hk\u00f6postitse: shopping@admin_puoti Lis\u00e4tietoa yhdistyksest\u00e4 https:\/\/fifix.fi ja https:\/\/www.facebook.com\/groups\/fifix<\/p>\n","protected":false},"author":1,"featured_media":0,"parent":0,"menu_order":0,"comment_status":"closed","ping_status":"closed","template":"template-homepage.php","meta":{"footnotes":""},"class_list":["post-48","page","type-page","status-publish","hentry"],"yoast_head":"<!-- This site is optimized with the Yoast SEO plugin v27.6 - https:\/\/yoast.com\/product\/yoast-seo-wordpress\/ -->\n<title>Tervetuloa! - Fifix nettipuoti<\/title>\n<meta name=\"robots\" content=\"index, follow, max-snippet:-1, max-image-preview:large, max-video-preview:-1\" \/>\n<link rel=\"canonical\" href=\"https:\/\/shop.fifix.fi\/\" \/>\n<meta property=\"og:locale\" content=\"fi_FI\" \/>\n<meta property=\"og:type\" content=\"article\" \/>\n<meta property=\"og:title\" content=\"Tervetuloa! - Fifix nettipuoti\" \/>\n<meta property=\"og:description\" content=\"Tervetuloa Fifix Europe ry:n kaikenkarvaisten nelijalkaisten hyv\u00e4ksi toimivaan nettipuotiin! NETTIPUODISTA voit ostaa ihania punaisia koirahuiveja! Nettipuodin &#8221;osta heti&#8221; -tuotteista saatava tuotto kohdistetaan sterilointity\u00f6h\u00f6n sek\u00e4 romanialaisen Sache Foundationin el\u00e4insairaalaprojektiin. Lis\u00e4\u00e4 projektista t\u00e4m\u00e4n linkin takaa. Kaikki normaaliin tilaamiseen ja toimituksiin liittyv\u00e4 info l\u00f6ytyy t\u00e4m\u00e4n linkin takaa. Ongelmatilanteissa ota meihin yhteytt\u00e4 s\u00e4hk\u00f6postitse: shopping@admin_puoti Lis\u00e4tietoa yhdistyksest\u00e4 https:\/\/fifix.fi ja https:\/\/www.facebook.com\/groups\/fifix\" \/>\n<meta property=\"og:url\" content=\"https:\/\/shop.fifix.fi\/\" \/>\n<meta property=\"og:site_name\" content=\"Fifix nettipuoti\" \/>\n<meta property=\"article:publisher\" content=\"https:\/\/fi-fi.facebook.com\/groups\/fifix\/\" \/>\n<meta property=\"article:modified_time\" content=\"2023-05-18T18:47:32+00:00\" \/>\n<meta property=\"og:image\" content=\"https:\/\/shop.fifix.fi\/wp-content\/uploads\/2021\/08\/Fifix-Europe-ry-logopsd-nettipuoti-1.jpg\" \/>\n\t<meta property=\"og:image:width\" content=\"300\" \/>\n\t<meta property=\"og:image:height\" content=\"305\" \/>\n\t<meta property=\"og:image:type\" content=\"image\/jpeg\" \/>\n<meta name=\"twitter:card\" content=\"summary_large_image\" \/>\n<meta name=\"twitter:label1\" content=\"Arvioitu lukuaika\" \/>\n\t<meta name=\"twitter:data1\" content=\"1 minuutti\" \/>\n<script type=\"application\/ld+json\" class=\"yoast-schema-graph\">{\"@context\":\"https:\\\/\\\/schema.org\",\"@graph\":[{\"@type\":\"WebPage\",\"@id\":\"https:\\\/\\\/shop.fifix.fi\\\/\",\"url\":\"https:\\\/\\\/shop.fifix.fi\\\/\",\"name\":\"Tervetuloa! - Fifix nettipuoti\",\"isPartOf\":{\"@id\":\"https:\\\/\\\/shop.fifix.fi\\\/#website\"},\"datePublished\":\"2021-08-25T18:00:47+00:00\",\"dateModified\":\"2023-05-18T18:47:32+00:00\",\"breadcrumb\":{\"@id\":\"https:\\\/\\\/shop.fifix.fi\\\/#breadcrumb\"},\"inLanguage\":\"fi\",\"potentialAction\":[{\"@type\":\"ReadAction\",\"target\":[\"https:\\\/\\\/shop.fifix.fi\\\/\"]}]},{\"@type\":\"BreadcrumbList\",\"@id\":\"https:\\\/\\\/shop.fifix.fi\\\/#breadcrumb\",\"itemListElement\":[{\"@type\":\"ListItem\",\"position\":1,\"name\":\"Etusivu\",\"item\":\"https:\\\/\\\/shop.fifix.fi\\\/\"},{\"@type\":\"ListItem\",\"position\":2,\"name\":\"Tervetuloa!\"}]},{\"@type\":\"WebSite\",\"@id\":\"https:\\\/\\\/shop.fifix.fi\\\/#website\",\"url\":\"https:\\\/\\\/shop.fifix.fi\\\/\",\"name\":\"Fifix nettipuoti\",\"description\":\"Fifix Europe ry:n nettipuoti\",\"publisher\":{\"@id\":\"https:\\\/\\\/shop.fifix.fi\\\/#organization\"},\"potentialAction\":[{\"@type\":\"SearchAction\",\"target\":{\"@type\":\"EntryPoint\",\"urlTemplate\":\"https:\\\/\\\/shop.fifix.fi\\\/?s={search_term_string}\"},\"query-input\":{\"@type\":\"PropertyValueSpecification\",\"valueRequired\":true,\"valueName\":\"search_term_string\"}}],\"inLanguage\":\"fi\"},{\"@type\":\"Organization\",\"@id\":\"https:\\\/\\\/shop.fifix.fi\\\/#organization\",\"name\":\"Fifix nettipuoti\",\"url\":\"https:\\\/\\\/shop.fifix.fi\\\/\",\"logo\":{\"@type\":\"ImageObject\",\"inLanguage\":\"fi\",\"@id\":\"https:\\\/\\\/shop.fifix.fi\\\/#\\\/schema\\\/logo\\\/image\\\/\",\"url\":\"https:\\\/\\\/shop.fifix.fi\\\/wp-content\\\/uploads\\\/2021\\\/08\\\/nettipuoti.gif\",\"contentUrl\":\"https:\\\/\\\/shop.fifix.fi\\\/wp-content\\\/uploads\\\/2021\\\/08\\\/nettipuoti.gif\",\"width\":400,\"height\":407,\"caption\":\"Fifix nettipuoti\"},\"image\":{\"@id\":\"https:\\\/\\\/shop.fifix.fi\\\/#\\\/schema\\\/logo\\\/image\\\/\"},\"sameAs\":[\"https:\\\/\\\/fi-fi.facebook.com\\\/groups\\\/fifix\\\/\"]}]}<\/script>\n<!-- \/ Yoast SEO plugin. -->","yoast_head_json":{"title":"Tervetuloa! - Fifix nettipuoti","robots":{"index":"index","follow":"follow","max-snippet":"max-snippet:-1","max-image-preview":"max-image-preview:large","max-video-preview":"max-video-preview:-1"},"canonical":"https:\/\/shop.fifix.fi\/","og_locale":"fi_FI","og_type":"article","og_title":"Tervetuloa! - Fifix nettipuoti","og_description":"Tervetuloa Fifix Europe ry:n kaikenkarvaisten nelijalkaisten hyv\u00e4ksi toimivaan nettipuotiin! NETTIPUODISTA voit ostaa ihania punaisia koirahuiveja! Nettipuodin &#8221;osta heti&#8221; -tuotteista saatava tuotto kohdistetaan sterilointity\u00f6h\u00f6n sek\u00e4 romanialaisen Sache Foundationin el\u00e4insairaalaprojektiin. Lis\u00e4\u00e4 projektista t\u00e4m\u00e4n linkin takaa. Kaikki normaaliin tilaamiseen ja toimituksiin liittyv\u00e4 info l\u00f6ytyy t\u00e4m\u00e4n linkin takaa. Ongelmatilanteissa ota meihin yhteytt\u00e4 s\u00e4hk\u00f6postitse: shopping@admin_puoti Lis\u00e4tietoa yhdistyksest\u00e4 https:\/\/fifix.fi ja https:\/\/www.facebook.com\/groups\/fifix","og_url":"https:\/\/shop.fifix.fi\/","og_site_name":"Fifix nettipuoti","article_publisher":"https:\/\/fi-fi.facebook.com\/groups\/fifix\/","article_modified_time":"2023-05-18T18:47:32+00:00","og_image":[{"width":300,"height":305,"url":"https:\/\/shop.fifix.fi\/wp-content\/uploads\/2021\/08\/Fifix-Europe-ry-logopsd-nettipuoti-1.jpg","type":"image\/jpeg"}],"twitter_card":"summary_large_image","twitter_misc":{"Arvioitu lukuaika":"1 minuutti"},"schema":{"@context":"https:\/\/schema.org","@graph":[{"@type":"WebPage","@id":"https:\/\/shop.fifix.fi\/","url":"https:\/\/shop.fifix.fi\/","name":"Tervetuloa! - Fifix nettipuoti","isPartOf":{"@id":"https:\/\/shop.fifix.fi\/#website"},"datePublished":"2021-08-25T18:00:47+00:00","dateModified":"2023-05-18T18:47:32+00:00","breadcrumb":{"@id":"https:\/\/shop.fifix.fi\/#breadcrumb"},"inLanguage":"fi","potentialAction":[{"@type":"ReadAction","target":["https:\/\/shop.fifix.fi\/"]}]},{"@type":"BreadcrumbList","@id":"https:\/\/shop.fifix.fi\/#breadcrumb","itemListElement":[{"@type":"ListItem","position":1,"name":"Etusivu","item":"https:\/\/shop.fifix.fi\/"},{"@type":"ListItem","position":2,"name":"Tervetuloa!"}]},{"@type":"WebSite","@id":"https:\/\/shop.fifix.fi\/#website","url":"https:\/\/shop.fifix.fi\/","name":"Fifix nettipuoti","description":"Fifix Europe ry:n nettipuoti","publisher":{"@id":"https:\/\/shop.fifix.fi\/#organization"},"potentialAction":[{"@type":"SearchAction","target":{"@type":"EntryPoint","urlTemplate":"https:\/\/shop.fifix.fi\/?s={search_term_string}"},"query-input":{"@type":"PropertyValueSpecification","valueRequired":true,"valueName":"search_term_string"}}],"inLanguage":"fi"},{"@type":"Organization","@id":"https:\/\/shop.fifix.fi\/#organization","name":"Fifix nettipuoti","url":"https:\/\/shop.fifix.fi\/","logo":{"@type":"ImageObject","inLanguage":"fi","@id":"https:\/\/shop.fifix.fi\/#\/schema\/logo\/image\/","url":"https:\/\/shop.fifix.fi\/wp-content\/uploads\/2021\/08\/nettipuoti.gif","contentUrl":"https:\/\/shop.fifix.fi\/wp-content\/uploads\/2021\/08\/nettipuoti.gif","width":400,"height":407,"caption":"Fifix nettipuoti"},"image":{"@id":"https:\/\/shop.fifix.fi\/#\/schema\/logo\/image\/"},"sameAs":["https:\/\/fi-fi.facebook.com\/groups\/fifix\/"]}]}},"jetpack_sharing_enabled":true,"_links":{"self":[{"href":"https:\/\/shop.fifix.fi\/index.php?rest_route=\/wp\/v2\/pages\/48","targetHints":{"allow":["GET"]}}],"collection":[{"href":"https:\/\/shop.fifix.fi\/index.php?rest_route=\/wp\/v2\/pages"}],"about":[{"href":"https:\/\/shop.fifix.fi\/index.php?rest_route=\/wp\/v2\/types\/page"}],"author":[{"embeddable":true,"href":"https:\/\/shop.fifix.fi\/index.php?rest_route=\/wp\/v2\/users\/1"}],"replies":[{"embeddable":true,"href":"https:\/\/shop.fifix.fi\/index.php?rest_route=%2Fwp%2Fv2%2Fcomments&post=48"}],"version-history":[{"count":36,"href":"https:\/\/shop.fifix.fi\/index.php?rest_route=\/wp\/v2\/pages\/48\/revisions"}],"predecessor-version":[{"id":2121,"href":"https:\/\/shop.fifix.fi\/index.php?rest_route=\/wp\/v2\/pages\/48\/revisions\/2121"}],"wp:attachment":[{"href":"https:\/\/shop.fifix.fi\/index.php?rest_route=%2Fwp%2Fv2%2Fmedia&parent=48"}],"curies":[{"name":"wp","href":"https:\/\/api.w.org\/{rel}","templated":true}]}}