{"id":1934,"date":"2022-05-06T12:06:32","date_gmt":"2022-05-06T10:06:32","guid":{"rendered":"https:\/\/shop.fifix.fi\/?post_type=product&#038;p=1934"},"modified":"2022-05-06T12:34:52","modified_gmt":"2022-05-06T10:34:52","slug":"uusi-hieno-omron-m6ac-automaattinen-verenpainemittari","status":"publish","type":"product","link":"https:\/\/shop.fifix.fi\/?product=uusi-hieno-omron-m6ac-automaattinen-verenpainemittari","title":{"rendered":"UUSI hieno Omron M6AC automaattinen verenpainemittari"},"content":{"rendered":"","protected":false},"excerpt":{"rendered":"<p><strong>Mukana t\u00e4ydellinen ohjekirja (my\u00f6s suomeksi) ja k\u00e4tev\u00e4 s\u00e4ilytyspussukka.<\/strong><\/p>\n<p><strong>OMRON M6 AC -verenpainemittarissa on pehme\u00e4 mansetti, joka sopii useimmille (olkavarren ymp\u00e4rys 22-42 cm).<\/strong><\/p>\n<p>Uusi OMRON M6AC on ominaisuuksiltaan monipuolisin olkavarsiverenpainemittari.<\/p>\n<p>Mittaustulos on entist\u00e4kin helpommin tulkittavissa. M6 AC kertoo verenpaineen tarkasti ja luotettavasti. Tarkka tulos saadaan suurikokoiselle n\u00e4yt\u00f6lle yhdell\u00e4 napin painalluksella ja tulos on helposti tulkittavissa! N\u00e4yt\u00f6lle syttyy joko vihre\u00e4 tai punainen valo yl\u00e4- ja alapaineen tason mukaisesti (kotimittauksessa tavoitearvo on 135\/85). Mittarissa on sadan mittauksen muisti kahdelle k\u00e4ytt\u00e4j\u00e4lle ja uutena ominaisuutena on viikon aamu- ja iltamittausten keskiarvojen tarkastelu: M6 AC ilmoittaa viikoittaiset aamu- ja ilta- mittaustulosten keskiarvot kahdeksan viikon ajalta. Mittari ilmoittaa selke\u00e4sti OK-valolla, ett\u00e4 mansetti on oikein kiinnitetty ja mittaus on onnistunut. Intellisense-teknologian ansiosta mittari pumppaa mansettiin ilmaa vain sen verran kuin tarvitaan, joten mittaus on aina nopea, miellytt\u00e4v\u00e4 ja kivuton. OMRON-verenpainemittarit ovat luotettavia sill\u00e4 ne ovat kliinisesti validoituja eli l\u00e4\u00e4ketieteen ammattilaisten testaamia ja hyv\u00e4ksymi\u00e4. OMRON M6 AC -mallissa on 100 mittauksen muisti kahdelle k\u00e4ytt\u00e4j\u00e4lle. Mittari ilmoittaa ep\u00e4s\u00e4\u00e4nn\u00f6llisest\u00e4 sykkeest\u00e4 ja liiallisesta liikkumisesta mittauksen aikana. Se laskee automaattisesti viimeisten mittaustulosten keskiarvon. (teksti lainattu Prisman verkkosivulta:\u00a0 https:\/\/www.prisma.fi\/fi\/prisma\/omron-m6-ac-verenpainemittari )<\/p>\n<p>&nbsp;<\/p>\n<p>&nbsp;<\/p>\n","protected":false},"featured_media":1946,"template":"","meta":[],"product_brand":[],"product_cat":[15],"product_tag":[25],"class_list":{"0":"post-1934","1":"product","2":"type-product","3":"status-publish","4":"has-post-thumbnail","6":"product_cat-yleinen","7":"product_tag-huutisosasto","9":"first","10":"instock","11":"sold-individually","12":"shipping-taxable","13":"product-type-auction"},"yoast_head":"<!-- This site is optimized with the Yoast SEO plugin v27.4 - https:\/\/yoast.com\/product\/yoast-seo-wordpress\/ -->\n<title>UUSI hieno Omron M6AC automaattinen verenpainemittari - Fifix nettipuoti<\/title>\n<meta name=\"robots\" content=\"index, follow, max-snippet:-1, max-image-preview:large, max-video-preview:-1\" \/>\n<link rel=\"canonical\" href=\"https:\/\/shop.fifix.fi\/?product=uusi-hieno-omron-m6ac-automaattinen-verenpainemittari\" \/>\n<meta property=\"og:locale\" content=\"fi_FI\" \/>\n<meta property=\"og:type\" content=\"article\" \/>\n<meta property=\"og:title\" content=\"UUSI hieno Omron M6AC automaattinen verenpainemittari - Fifix nettipuoti\" \/>\n<meta property=\"og:description\" content=\"Mukana t\u00e4ydellinen ohjekirja (my\u00f6s suomeksi) ja k\u00e4tev\u00e4 s\u00e4ilytyspussukka.  OMRON M6 AC -verenpainemittarissa on pehme\u00e4 mansetti, joka sopii useimmille (olkavarren ymp\u00e4rys 22-42 cm).  Uusi OMRON M6AC on ominaisuuksiltaan monipuolisin olkavarsiverenpainemittari.  Mittaustulos on entist\u00e4kin helpommin tulkittavissa. M6 AC kertoo verenpaineen tarkasti ja luotettavasti. Tarkka tulos saadaan suurikokoiselle n\u00e4yt\u00f6lle yhdell\u00e4 napin painalluksella ja tulos on helposti tulkittavissa! N\u00e4yt\u00f6lle syttyy joko vihre\u00e4 tai punainen valo yl\u00e4- ja alapaineen tason mukaisesti (kotimittauksessa tavoitearvo on 135\/85). Mittarissa on sadan mittauksen muisti kahdelle k\u00e4ytt\u00e4j\u00e4lle ja uutena ominaisuutena on viikon aamu- ja iltamittausten keskiarvojen tarkastelu: M6 AC ilmoittaa viikoittaiset aamu- ja ilta- mittaustulosten keskiarvot kahdeksan viikon ajalta. Mittari ilmoittaa selke\u00e4sti OK-valolla, ett\u00e4 mansetti on oikein kiinnitetty ja mittaus on onnistunut. Intellisense-teknologian ansiosta mittari pumppaa mansettiin ilmaa vain sen verran kuin tarvitaan, joten mittaus on aina nopea, miellytt\u00e4v\u00e4 ja kivuton. OMRON-verenpainemittarit ovat luotettavia sill\u00e4 ne ovat kliinisesti validoituja eli l\u00e4\u00e4ketieteen ammattilaisten testaamia ja hyv\u00e4ksymi\u00e4. OMRON M6 AC -mallissa on 100 mittauksen muisti kahdelle k\u00e4ytt\u00e4j\u00e4lle. Mittari ilmoittaa ep\u00e4s\u00e4\u00e4nn\u00f6llisest\u00e4 sykkeest\u00e4 ja liiallisesta liikkumisesta mittauksen aikana. Se laskee automaattisesti viimeisten mittaustulosten keskiarvon. (teksti lainattu Prisman verkkosivulta:\u00a0 https:\/\/www.prisma.fi\/fi\/prisma\/omron-m6-ac-verenpainemittari )  &nbsp;  &nbsp;\" \/>\n<meta property=\"og:url\" content=\"https:\/\/shop.fifix.fi\/?product=uusi-hieno-omron-m6ac-automaattinen-verenpainemittari\" \/>\n<meta property=\"og:site_name\" content=\"Fifix nettipuoti\" \/>\n<meta property=\"article:publisher\" content=\"https:\/\/fi-fi.facebook.com\/groups\/fifix\/\" \/>\n<meta property=\"article:modified_time\" content=\"2022-05-06T10:34:52+00:00\" \/>\n<meta property=\"og:image\" content=\"https:\/\/shop.fifix.fi\/wp-content\/uploads\/2022\/05\/IMG_20220506_1247402.jpg\" \/>\n\t<meta property=\"og:image:width\" content=\"740\" \/>\n\t<meta property=\"og:image:height\" content=\"800\" \/>\n\t<meta property=\"og:image:type\" content=\"image\/jpeg\" \/>\n<meta name=\"twitter:card\" content=\"summary_large_image\" \/>\n<script type=\"application\/ld+json\" class=\"yoast-schema-graph\">{\"@context\":\"https:\\\/\\\/schema.org\",\"@graph\":[{\"@type\":\"WebPage\",\"@id\":\"https:\\\/\\\/shop.fifix.fi\\\/?product=uusi-hieno-omron-m6ac-automaattinen-verenpainemittari\",\"url\":\"https:\\\/\\\/shop.fifix.fi\\\/?product=uusi-hieno-omron-m6ac-automaattinen-verenpainemittari\",\"name\":\"UUSI hieno Omron M6AC automaattinen verenpainemittari - Fifix nettipuoti\",\"isPartOf\":{\"@id\":\"https:\\\/\\\/shop.fifix.fi\\\/#website\"},\"primaryImageOfPage\":{\"@id\":\"https:\\\/\\\/shop.fifix.fi\\\/?product=uusi-hieno-omron-m6ac-automaattinen-verenpainemittari#primaryimage\"},\"image\":{\"@id\":\"https:\\\/\\\/shop.fifix.fi\\\/?product=uusi-hieno-omron-m6ac-automaattinen-verenpainemittari#primaryimage\"},\"thumbnailUrl\":\"https:\\\/\\\/shop.fifix.fi\\\/wp-content\\\/uploads\\\/2022\\\/05\\\/IMG_20220506_1247402.jpg\",\"datePublished\":\"2022-05-06T10:06:32+00:00\",\"dateModified\":\"2022-05-06T10:34:52+00:00\",\"breadcrumb\":{\"@id\":\"https:\\\/\\\/shop.fifix.fi\\\/?product=uusi-hieno-omron-m6ac-automaattinen-verenpainemittari#breadcrumb\"},\"inLanguage\":\"fi\",\"potentialAction\":[{\"@type\":\"ReadAction\",\"target\":[\"https:\\\/\\\/shop.fifix.fi\\\/?product=uusi-hieno-omron-m6ac-automaattinen-verenpainemittari\"]}]},{\"@type\":\"ImageObject\",\"inLanguage\":\"fi\",\"@id\":\"https:\\\/\\\/shop.fifix.fi\\\/?product=uusi-hieno-omron-m6ac-automaattinen-verenpainemittari#primaryimage\",\"url\":\"https:\\\/\\\/shop.fifix.fi\\\/wp-content\\\/uploads\\\/2022\\\/05\\\/IMG_20220506_1247402.jpg\",\"contentUrl\":\"https:\\\/\\\/shop.fifix.fi\\\/wp-content\\\/uploads\\\/2022\\\/05\\\/IMG_20220506_1247402.jpg\",\"width\":740,\"height\":800},{\"@type\":\"BreadcrumbList\",\"@id\":\"https:\\\/\\\/shop.fifix.fi\\\/?product=uusi-hieno-omron-m6ac-automaattinen-verenpainemittari#breadcrumb\",\"itemListElement\":[{\"@type\":\"ListItem\",\"position\":1,\"name\":\"Etusivu\",\"item\":\"https:\\\/\\\/shop.fifix.fi\\\/\"},{\"@type\":\"ListItem\",\"position\":2,\"name\":\"KAUPPA\",\"item\":\"https:\\\/\\\/shop.fifix.fi\\\/?page_id=6\"},{\"@type\":\"ListItem\",\"position\":3,\"name\":\"UUSI hieno Omron M6AC automaattinen verenpainemittari\"}]},{\"@type\":\"WebSite\",\"@id\":\"https:\\\/\\\/shop.fifix.fi\\\/#website\",\"url\":\"https:\\\/\\\/shop.fifix.fi\\\/\",\"name\":\"Fifix nettipuoti\",\"description\":\"Fifix Europe ry:n nettipuoti\",\"publisher\":{\"@id\":\"https:\\\/\\\/shop.fifix.fi\\\/#organization\"},\"potentialAction\":[{\"@type\":\"SearchAction\",\"target\":{\"@type\":\"EntryPoint\",\"urlTemplate\":\"https:\\\/\\\/shop.fifix.fi\\\/?s={search_term_string}\"},\"query-input\":{\"@type\":\"PropertyValueSpecification\",\"valueRequired\":true,\"valueName\":\"search_term_string\"}}],\"inLanguage\":\"fi\"},{\"@type\":\"Organization\",\"@id\":\"https:\\\/\\\/shop.fifix.fi\\\/#organization\",\"name\":\"Fifix nettipuoti\",\"url\":\"https:\\\/\\\/shop.fifix.fi\\\/\",\"logo\":{\"@type\":\"ImageObject\",\"inLanguage\":\"fi\",\"@id\":\"https:\\\/\\\/shop.fifix.fi\\\/#\\\/schema\\\/logo\\\/image\\\/\",\"url\":\"https:\\\/\\\/shop.fifix.fi\\\/wp-content\\\/uploads\\\/2021\\\/08\\\/nettipuoti.gif\",\"contentUrl\":\"https:\\\/\\\/shop.fifix.fi\\\/wp-content\\\/uploads\\\/2021\\\/08\\\/nettipuoti.gif\",\"width\":400,\"height\":407,\"caption\":\"Fifix nettipuoti\"},\"image\":{\"@id\":\"https:\\\/\\\/shop.fifix.fi\\\/#\\\/schema\\\/logo\\\/image\\\/\"},\"sameAs\":[\"https:\\\/\\\/fi-fi.facebook.com\\\/groups\\\/fifix\\\/\"]}]}<\/script>\n<!-- \/ Yoast SEO plugin. -->","yoast_head_json":{"title":"UUSI hieno Omron M6AC automaattinen verenpainemittari - Fifix nettipuoti","robots":{"index":"index","follow":"follow","max-snippet":"max-snippet:-1","max-image-preview":"max-image-preview:large","max-video-preview":"max-video-preview:-1"},"canonical":"https:\/\/shop.fifix.fi\/?product=uusi-hieno-omron-m6ac-automaattinen-verenpainemittari","og_locale":"fi_FI","og_type":"article","og_title":"UUSI hieno Omron M6AC automaattinen verenpainemittari - Fifix nettipuoti","og_description":"Mukana t\u00e4ydellinen ohjekirja (my\u00f6s suomeksi) ja k\u00e4tev\u00e4 s\u00e4ilytyspussukka.  OMRON M6 AC -verenpainemittarissa on pehme\u00e4 mansetti, joka sopii useimmille (olkavarren ymp\u00e4rys 22-42 cm).  Uusi OMRON M6AC on ominaisuuksiltaan monipuolisin olkavarsiverenpainemittari.  Mittaustulos on entist\u00e4kin helpommin tulkittavissa. M6 AC kertoo verenpaineen tarkasti ja luotettavasti. Tarkka tulos saadaan suurikokoiselle n\u00e4yt\u00f6lle yhdell\u00e4 napin painalluksella ja tulos on helposti tulkittavissa! N\u00e4yt\u00f6lle syttyy joko vihre\u00e4 tai punainen valo yl\u00e4- ja alapaineen tason mukaisesti (kotimittauksessa tavoitearvo on 135\/85). Mittarissa on sadan mittauksen muisti kahdelle k\u00e4ytt\u00e4j\u00e4lle ja uutena ominaisuutena on viikon aamu- ja iltamittausten keskiarvojen tarkastelu: M6 AC ilmoittaa viikoittaiset aamu- ja ilta- mittaustulosten keskiarvot kahdeksan viikon ajalta. Mittari ilmoittaa selke\u00e4sti OK-valolla, ett\u00e4 mansetti on oikein kiinnitetty ja mittaus on onnistunut. Intellisense-teknologian ansiosta mittari pumppaa mansettiin ilmaa vain sen verran kuin tarvitaan, joten mittaus on aina nopea, miellytt\u00e4v\u00e4 ja kivuton. OMRON-verenpainemittarit ovat luotettavia sill\u00e4 ne ovat kliinisesti validoituja eli l\u00e4\u00e4ketieteen ammattilaisten testaamia ja hyv\u00e4ksymi\u00e4. OMRON M6 AC -mallissa on 100 mittauksen muisti kahdelle k\u00e4ytt\u00e4j\u00e4lle. Mittari ilmoittaa ep\u00e4s\u00e4\u00e4nn\u00f6llisest\u00e4 sykkeest\u00e4 ja liiallisesta liikkumisesta mittauksen aikana. Se laskee automaattisesti viimeisten mittaustulosten keskiarvon. (teksti lainattu Prisman verkkosivulta:\u00a0 https:\/\/www.prisma.fi\/fi\/prisma\/omron-m6-ac-verenpainemittari )  &nbsp;  &nbsp;","og_url":"https:\/\/shop.fifix.fi\/?product=uusi-hieno-omron-m6ac-automaattinen-verenpainemittari","og_site_name":"Fifix nettipuoti","article_publisher":"https:\/\/fi-fi.facebook.com\/groups\/fifix\/","article_modified_time":"2022-05-06T10:34:52+00:00","og_image":[{"width":740,"height":800,"url":"https:\/\/shop.fifix.fi\/wp-content\/uploads\/2022\/05\/IMG_20220506_1247402.jpg","type":"image\/jpeg"}],"twitter_card":"summary_large_image","schema":{"@context":"https:\/\/schema.org","@graph":[{"@type":"WebPage","@id":"https:\/\/shop.fifix.fi\/?product=uusi-hieno-omron-m6ac-automaattinen-verenpainemittari","url":"https:\/\/shop.fifix.fi\/?product=uusi-hieno-omron-m6ac-automaattinen-verenpainemittari","name":"UUSI hieno Omron M6AC automaattinen verenpainemittari - Fifix nettipuoti","isPartOf":{"@id":"https:\/\/shop.fifix.fi\/#website"},"primaryImageOfPage":{"@id":"https:\/\/shop.fifix.fi\/?product=uusi-hieno-omron-m6ac-automaattinen-verenpainemittari#primaryimage"},"image":{"@id":"https:\/\/shop.fifix.fi\/?product=uusi-hieno-omron-m6ac-automaattinen-verenpainemittari#primaryimage"},"thumbnailUrl":"https:\/\/shop.fifix.fi\/wp-content\/uploads\/2022\/05\/IMG_20220506_1247402.jpg","datePublished":"2022-05-06T10:06:32+00:00","dateModified":"2022-05-06T10:34:52+00:00","breadcrumb":{"@id":"https:\/\/shop.fifix.fi\/?product=uusi-hieno-omron-m6ac-automaattinen-verenpainemittari#breadcrumb"},"inLanguage":"fi","potentialAction":[{"@type":"ReadAction","target":["https:\/\/shop.fifix.fi\/?product=uusi-hieno-omron-m6ac-automaattinen-verenpainemittari"]}]},{"@type":"ImageObject","inLanguage":"fi","@id":"https:\/\/shop.fifix.fi\/?product=uusi-hieno-omron-m6ac-automaattinen-verenpainemittari#primaryimage","url":"https:\/\/shop.fifix.fi\/wp-content\/uploads\/2022\/05\/IMG_20220506_1247402.jpg","contentUrl":"https:\/\/shop.fifix.fi\/wp-content\/uploads\/2022\/05\/IMG_20220506_1247402.jpg","width":740,"height":800},{"@type":"BreadcrumbList","@id":"https:\/\/shop.fifix.fi\/?product=uusi-hieno-omron-m6ac-automaattinen-verenpainemittari#breadcrumb","itemListElement":[{"@type":"ListItem","position":1,"name":"Etusivu","item":"https:\/\/shop.fifix.fi\/"},{"@type":"ListItem","position":2,"name":"KAUPPA","item":"https:\/\/shop.fifix.fi\/?page_id=6"},{"@type":"ListItem","position":3,"name":"UUSI hieno Omron M6AC automaattinen verenpainemittari"}]},{"@type":"WebSite","@id":"https:\/\/shop.fifix.fi\/#website","url":"https:\/\/shop.fifix.fi\/","name":"Fifix nettipuoti","description":"Fifix Europe ry:n nettipuoti","publisher":{"@id":"https:\/\/shop.fifix.fi\/#organization"},"potentialAction":[{"@type":"SearchAction","target":{"@type":"EntryPoint","urlTemplate":"https:\/\/shop.fifix.fi\/?s={search_term_string}"},"query-input":{"@type":"PropertyValueSpecification","valueRequired":true,"valueName":"search_term_string"}}],"inLanguage":"fi"},{"@type":"Organization","@id":"https:\/\/shop.fifix.fi\/#organization","name":"Fifix nettipuoti","url":"https:\/\/shop.fifix.fi\/","logo":{"@type":"ImageObject","inLanguage":"fi","@id":"https:\/\/shop.fifix.fi\/#\/schema\/logo\/image\/","url":"https:\/\/shop.fifix.fi\/wp-content\/uploads\/2021\/08\/nettipuoti.gif","contentUrl":"https:\/\/shop.fifix.fi\/wp-content\/uploads\/2021\/08\/nettipuoti.gif","width":400,"height":407,"caption":"Fifix nettipuoti"},"image":{"@id":"https:\/\/shop.fifix.fi\/#\/schema\/logo\/image\/"},"sameAs":["https:\/\/fi-fi.facebook.com\/groups\/fifix\/"]}]}},"jetpack_sharing_enabled":true,"_links":{"self":[{"href":"https:\/\/shop.fifix.fi\/index.php?rest_route=\/wp\/v2\/product\/1934","targetHints":{"allow":["GET"]}}],"collection":[{"href":"https:\/\/shop.fifix.fi\/index.php?rest_route=\/wp\/v2\/product"}],"about":[{"href":"https:\/\/shop.fifix.fi\/index.php?rest_route=\/wp\/v2\/types\/product"}],"wp:featuredmedia":[{"embeddable":true,"href":"https:\/\/shop.fifix.fi\/index.php?rest_route=\/wp\/v2\/media\/1946"}],"wp:attachment":[{"href":"https:\/\/shop.fifix.fi\/index.php?rest_route=%2Fwp%2Fv2%2Fmedia&parent=1934"}],"wp:term":[{"taxonomy":"product_brand","embeddable":true,"href":"https:\/\/shop.fifix.fi\/index.php?rest_route=%2Fwp%2Fv2%2Fproduct_brand&post=1934"},{"taxonomy":"product_cat","embeddable":true,"href":"https:\/\/shop.fifix.fi\/index.php?rest_route=%2Fwp%2Fv2%2Fproduct_cat&post=1934"},{"taxonomy":"product_tag","embeddable":true,"href":"https:\/\/shop.fifix.fi\/index.php?rest_route=%2Fwp%2Fv2%2Fproduct_tag&post=1934"}],"curies":[{"name":"wp","href":"https:\/\/api.w.org\/{rel}","templated":true}]}}