{"id":2014,"date":"2022-05-09T12:11:54","date_gmt":"2022-05-09T10:11:54","guid":{"rendered":"https:\/\/shop.fifix.fi\/?post_type=product&#038;p=2014"},"modified":"2022-05-09T12:37:36","modified_gmt":"2022-05-09T10:37:36","slug":"lahjakortti-koirahierontaan","status":"publish","type":"product","link":"https:\/\/shop.fifix.fi\/?product=lahjakortti-koirahierontaan","title":{"rendered":"Lahjakortti KOIRAHIERONTAAN"},"content":{"rendered":"","protected":false},"excerpt":{"rendered":"<p>Koirahieronta HUISKAUS <a href=\"https:\/\/www.facebook.com\/Huiskaus\/\">https:\/\/www.facebook.com\/Huiskaus\/<\/a><\/p>\n<p>Huiskauksen Jaana H\u00e4ggman kirjoittaa:<\/p>\n<div>\n<div class=\"\" dir=\"auto\">\n<div id=\"jsc_c_ap\" class=\"ecm0bbzt hv4rvrfc dati1w0a e5nlhep0\" data-ad-comet-preview=\"message\" data-ad-preview=\"message\">\n<div class=\"j83agx80 cbu4d94t ew0dbk1b irj2b8pg\">\n<div class=\"qzhwtbm6 knvmm38d\">\n<div class=\"kvgmc6g5 cxmmr5t8 oygrvhab hcukyx3x c1et5uql ii04i59q\">\n<div dir=\"auto\">Monesti kysyt\u00e4\u00e4n, ett\u00e4 mit\u00e4 hy\u00f6ty\u00e4 hieronnasta on koiralle, joten p\u00e4\u00e4tin listata t\u00e4h\u00e4n, mit\u00e4 kaikkia hyvi\u00e4 vaikutuksia hieronnalla on.<\/div>\n<\/div>\n<div class=\"cxmmr5t8 oygrvhab hcukyx3x c1et5uql o9v6fnle ii04i59q\">\n<div dir=\"auto\"><\/div>\n<div dir=\"auto\">Koirahieronta vaikuttaa koiran hyvinvointiin monella eri tapaa:<\/div>\n<\/div>\n<div class=\"cxmmr5t8 oygrvhab hcukyx3x c1et5uql o9v6fnle ii04i59q\">\n<div dir=\"auto\">\u2022 hieronta lis\u00e4\u00e4 lihasten ja j\u00e4nteiden joustavuutta, mik\u00e4 v\u00e4hent\u00e4\u00e4 vammariski\u00e4. My\u00f6s lihasjumien aiheuttamat kivut lievittyv\u00e4t lihasj\u00e4nnitysten lieventyess\u00e4<\/div>\n<div dir=\"auto\">\u2022 v\u00e4hent\u00e4\u00e4 sidekudosmuodostusta vammojen yhteydess\u00e4<\/div>\n<div dir=\"auto\">\u2022 auttaa v\u00e4syneit\u00e4 lihaksia palautumaan nopeammin<\/div>\n<div dir=\"auto\">\u2022 parantaa verenkiertoa, jolloin ravintoaineiden ja hapen kuljetus kudoksiin tehostuu ja esim. vammojen paraneminen nopeutuu<\/div>\n<div dir=\"auto\">\u2022 imunestekierto paranee, mik\u00e4 tehostaa kuona-aineiden poistumista ja vahvistaa mm. immuunij\u00e4rjestelm\u00e4\u00e4<\/div>\n<div dir=\"auto\">\u2022 mielihyv\u00e4hormoni oksitosiinin eritys lis\u00e4\u00e4ntyy hieronnan yhteydess\u00e4 eli hieronta esim. auttaa koiraa rentoutumaan ja rauhoittumaan, jolloin sen stressi v\u00e4henee<\/div>\n<div dir=\"auto\">\u2022 laskee verenpainetta, koska rentoutuneissa lihaksissa veri kiert\u00e4\u00e4 paremmin ja my\u00f6s oksitosiini vaikuttaa t\u00e4h\u00e4n<\/div>\n<div dir=\"auto\">\u2022 aineenvaihdunta paranee, mik\u00e4 vaikuttaa mm. suolen toimintaan<\/div>\n<div dir=\"auto\">\u2022 nivelnestekierto paranee, kun hieronnan yhteydess\u00e4 passiivisesti liikutellaan niveli\u00e4<\/div>\n<div dir=\"auto\">\u2022 parantaa koiran turkin kuntoa<\/div>\n<div dir=\"auto\"><\/div>\n<\/div>\n<div class=\"cxmmr5t8 oygrvhab hcukyx3x c1et5uql o9v6fnle ii04i59q\">\n<div dir=\"auto\">Eli aika paljon hyvi\u00e4 vaikutuksia hieronnalla on<span class=\"pq6dq46d tbxw36s4 knj5qynh kvgmc6g5 ditlmg2l oygrvhab nvdbi5me sf5mxxl7 gl3lb2sf hhz5lgdu\"> \ud83d\ude42<\/span><\/div>\n<div dir=\"auto\"><\/div>\n<\/div>\n<div class=\"cxmmr5t8 oygrvhab hcukyx3x c1et5uql o9v6fnle ii04i59q\">\n<div dir=\"auto\">Ja hieronta sopii kaikille koirille i\u00e4st\u00e4, harrastuksista tai harrastamattomuudest\u00e4 riippumatta. Tiettyj\u00e4 terveydentilaan riittyvi\u00e4 rajoituksia on, mutta niist\u00e4 kannattaa kysy\u00e4 hierojalta ja aina kannattaa kysy\u00e4 my\u00f6s hoitavan l\u00e4\u00e4k\u00e4rin mielipidett\u00e4 hieronnasta.<\/div>\n<div dir=\"auto\"><\/div>\n<\/div>\n<div class=\"cxmmr5t8 oygrvhab hcukyx3x c1et5uql o9v6fnle ii04i59q\">\n<div dir=\"auto\">Laitetaan h\u00e4nn\u00e4t huiskaamaan!<\/div>\n<\/div>\n<\/div>\n<\/div>\n<\/div>\n<\/div>\n<\/div>\n","protected":false},"featured_media":2015,"template":"","meta":[],"product_brand":[],"product_cat":[15],"product_tag":[25],"class_list":{"0":"post-2014","1":"product","2":"type-product","3":"status-publish","4":"has-post-thumbnail","6":"product_cat-yleinen","7":"product_tag-huutisosasto","9":"first","10":"instock","11":"sold-individually","12":"shipping-taxable","13":"product-type-auction"},"yoast_head":"<!-- This site is optimized with the Yoast SEO plugin v27.4 - https:\/\/yoast.com\/product\/yoast-seo-wordpress\/ -->\n<title>Lahjakortti KOIRAHIERONTAAN - Fifix nettipuoti<\/title>\n<meta name=\"robots\" content=\"index, follow, max-snippet:-1, max-image-preview:large, max-video-preview:-1\" \/>\n<link rel=\"canonical\" href=\"https:\/\/shop.fifix.fi\/?product=lahjakortti-koirahierontaan\" \/>\n<meta property=\"og:locale\" content=\"fi_FI\" \/>\n<meta property=\"og:type\" content=\"article\" \/>\n<meta property=\"og:title\" content=\"Lahjakortti KOIRAHIERONTAAN - Fifix nettipuoti\" \/>\n<meta property=\"og:description\" content=\"Koirahieronta HUISKAUS https:\/\/www.facebook.com\/Huiskaus\/  Huiskauksen Jaana H\u00e4ggman kirjoittaa:       Monesti kysyt\u00e4\u00e4n, ett\u00e4 mit\u00e4 hy\u00f6ty\u00e4 hieronnasta on koiralle, joten p\u00e4\u00e4tin listata t\u00e4h\u00e4n, mit\u00e4 kaikkia hyvi\u00e4 vaikutuksia hieronnalla on.    Koirahieronta vaikuttaa koiran hyvinvointiin monella eri tapaa:   \u2022 hieronta lis\u00e4\u00e4 lihasten ja j\u00e4nteiden joustavuutta, mik\u00e4 v\u00e4hent\u00e4\u00e4 vammariski\u00e4. My\u00f6s lihasjumien aiheuttamat kivut lievittyv\u00e4t lihasj\u00e4nnitysten lieventyess\u00e4 \u2022 v\u00e4hent\u00e4\u00e4 sidekudosmuodostusta vammojen yhteydess\u00e4 \u2022 auttaa v\u00e4syneit\u00e4 lihaksia palautumaan nopeammin \u2022 parantaa verenkiertoa, jolloin ravintoaineiden ja hapen kuljetus kudoksiin tehostuu ja esim. vammojen paraneminen nopeutuu \u2022 imunestekierto paranee, mik\u00e4 tehostaa kuona-aineiden poistumista ja vahvistaa mm. immuunij\u00e4rjestelm\u00e4\u00e4 \u2022 mielihyv\u00e4hormoni oksitosiinin eritys lis\u00e4\u00e4ntyy hieronnan yhteydess\u00e4 eli hieronta esim. auttaa koiraa rentoutumaan ja rauhoittumaan, jolloin sen stressi v\u00e4henee \u2022 laskee verenpainetta, koska rentoutuneissa lihaksissa veri kiert\u00e4\u00e4 paremmin ja my\u00f6s oksitosiini vaikuttaa t\u00e4h\u00e4n \u2022 aineenvaihdunta paranee, mik\u00e4 vaikuttaa mm. suolen toimintaan \u2022 nivelnestekierto paranee, kun hieronnan yhteydess\u00e4 passiivisesti liikutellaan niveli\u00e4 \u2022 parantaa koiran turkin kuntoa    Eli aika paljon hyvi\u00e4 vaikutuksia hieronnalla on :-)    Ja hieronta sopii kaikille koirille i\u00e4st\u00e4, harrastuksista tai harrastamattomuudest\u00e4 riippumatta. Tiettyj\u00e4 terveydentilaan riittyvi\u00e4 rajoituksia on, mutta niist\u00e4 kannattaa kysy\u00e4 hierojalta ja aina kannattaa kysy\u00e4 my\u00f6s hoitavan l\u00e4\u00e4k\u00e4rin mielipidett\u00e4 hieronnasta.    Laitetaan h\u00e4nn\u00e4t huiskaamaan!\" \/>\n<meta property=\"og:url\" content=\"https:\/\/shop.fifix.fi\/?product=lahjakortti-koirahierontaan\" \/>\n<meta property=\"og:site_name\" content=\"Fifix nettipuoti\" \/>\n<meta property=\"article:publisher\" content=\"https:\/\/fi-fi.facebook.com\/groups\/fifix\/\" \/>\n<meta property=\"article:modified_time\" content=\"2022-05-09T10:37:36+00:00\" \/>\n<meta property=\"og:image\" content=\"https:\/\/shop.fifix.fi\/wp-content\/uploads\/2022\/05\/Lahjakortti-koirahierontaan.jpg\" \/>\n\t<meta property=\"og:image:width\" content=\"500\" \/>\n\t<meta property=\"og:image:height\" content=\"500\" \/>\n\t<meta property=\"og:image:type\" content=\"image\/jpeg\" \/>\n<meta name=\"twitter:card\" content=\"summary_large_image\" \/>\n<script type=\"application\/ld+json\" class=\"yoast-schema-graph\">{\"@context\":\"https:\\\/\\\/schema.org\",\"@graph\":[{\"@type\":\"WebPage\",\"@id\":\"https:\\\/\\\/shop.fifix.fi\\\/?product=lahjakortti-koirahierontaan\",\"url\":\"https:\\\/\\\/shop.fifix.fi\\\/?product=lahjakortti-koirahierontaan\",\"name\":\"Lahjakortti KOIRAHIERONTAAN - Fifix nettipuoti\",\"isPartOf\":{\"@id\":\"https:\\\/\\\/shop.fifix.fi\\\/#website\"},\"primaryImageOfPage\":{\"@id\":\"https:\\\/\\\/shop.fifix.fi\\\/?product=lahjakortti-koirahierontaan#primaryimage\"},\"image\":{\"@id\":\"https:\\\/\\\/shop.fifix.fi\\\/?product=lahjakortti-koirahierontaan#primaryimage\"},\"thumbnailUrl\":\"https:\\\/\\\/shop.fifix.fi\\\/wp-content\\\/uploads\\\/2022\\\/05\\\/Lahjakortti-koirahierontaan.jpg\",\"datePublished\":\"2022-05-09T10:11:54+00:00\",\"dateModified\":\"2022-05-09T10:37:36+00:00\",\"breadcrumb\":{\"@id\":\"https:\\\/\\\/shop.fifix.fi\\\/?product=lahjakortti-koirahierontaan#breadcrumb\"},\"inLanguage\":\"fi\",\"potentialAction\":[{\"@type\":\"ReadAction\",\"target\":[\"https:\\\/\\\/shop.fifix.fi\\\/?product=lahjakortti-koirahierontaan\"]}]},{\"@type\":\"ImageObject\",\"inLanguage\":\"fi\",\"@id\":\"https:\\\/\\\/shop.fifix.fi\\\/?product=lahjakortti-koirahierontaan#primaryimage\",\"url\":\"https:\\\/\\\/shop.fifix.fi\\\/wp-content\\\/uploads\\\/2022\\\/05\\\/Lahjakortti-koirahierontaan.jpg\",\"contentUrl\":\"https:\\\/\\\/shop.fifix.fi\\\/wp-content\\\/uploads\\\/2022\\\/05\\\/Lahjakortti-koirahierontaan.jpg\",\"width\":500,\"height\":500},{\"@type\":\"BreadcrumbList\",\"@id\":\"https:\\\/\\\/shop.fifix.fi\\\/?product=lahjakortti-koirahierontaan#breadcrumb\",\"itemListElement\":[{\"@type\":\"ListItem\",\"position\":1,\"name\":\"Etusivu\",\"item\":\"https:\\\/\\\/shop.fifix.fi\\\/\"},{\"@type\":\"ListItem\",\"position\":2,\"name\":\"KAUPPA\",\"item\":\"https:\\\/\\\/shop.fifix.fi\\\/?page_id=6\"},{\"@type\":\"ListItem\",\"position\":3,\"name\":\"Lahjakortti KOIRAHIERONTAAN\"}]},{\"@type\":\"WebSite\",\"@id\":\"https:\\\/\\\/shop.fifix.fi\\\/#website\",\"url\":\"https:\\\/\\\/shop.fifix.fi\\\/\",\"name\":\"Fifix nettipuoti\",\"description\":\"Fifix Europe ry:n nettipuoti\",\"publisher\":{\"@id\":\"https:\\\/\\\/shop.fifix.fi\\\/#organization\"},\"potentialAction\":[{\"@type\":\"SearchAction\",\"target\":{\"@type\":\"EntryPoint\",\"urlTemplate\":\"https:\\\/\\\/shop.fifix.fi\\\/?s={search_term_string}\"},\"query-input\":{\"@type\":\"PropertyValueSpecification\",\"valueRequired\":true,\"valueName\":\"search_term_string\"}}],\"inLanguage\":\"fi\"},{\"@type\":\"Organization\",\"@id\":\"https:\\\/\\\/shop.fifix.fi\\\/#organization\",\"name\":\"Fifix nettipuoti\",\"url\":\"https:\\\/\\\/shop.fifix.fi\\\/\",\"logo\":{\"@type\":\"ImageObject\",\"inLanguage\":\"fi\",\"@id\":\"https:\\\/\\\/shop.fifix.fi\\\/#\\\/schema\\\/logo\\\/image\\\/\",\"url\":\"https:\\\/\\\/shop.fifix.fi\\\/wp-content\\\/uploads\\\/2021\\\/08\\\/nettipuoti.gif\",\"contentUrl\":\"https:\\\/\\\/shop.fifix.fi\\\/wp-content\\\/uploads\\\/2021\\\/08\\\/nettipuoti.gif\",\"width\":400,\"height\":407,\"caption\":\"Fifix nettipuoti\"},\"image\":{\"@id\":\"https:\\\/\\\/shop.fifix.fi\\\/#\\\/schema\\\/logo\\\/image\\\/\"},\"sameAs\":[\"https:\\\/\\\/fi-fi.facebook.com\\\/groups\\\/fifix\\\/\"]}]}<\/script>\n<!-- \/ Yoast SEO plugin. -->","yoast_head_json":{"title":"Lahjakortti KOIRAHIERONTAAN - Fifix nettipuoti","robots":{"index":"index","follow":"follow","max-snippet":"max-snippet:-1","max-image-preview":"max-image-preview:large","max-video-preview":"max-video-preview:-1"},"canonical":"https:\/\/shop.fifix.fi\/?product=lahjakortti-koirahierontaan","og_locale":"fi_FI","og_type":"article","og_title":"Lahjakortti KOIRAHIERONTAAN - Fifix nettipuoti","og_description":"Koirahieronta HUISKAUS https:\/\/www.facebook.com\/Huiskaus\/  Huiskauksen Jaana H\u00e4ggman kirjoittaa:       Monesti kysyt\u00e4\u00e4n, ett\u00e4 mit\u00e4 hy\u00f6ty\u00e4 hieronnasta on koiralle, joten p\u00e4\u00e4tin listata t\u00e4h\u00e4n, mit\u00e4 kaikkia hyvi\u00e4 vaikutuksia hieronnalla on.    Koirahieronta vaikuttaa koiran hyvinvointiin monella eri tapaa:   \u2022 hieronta lis\u00e4\u00e4 lihasten ja j\u00e4nteiden joustavuutta, mik\u00e4 v\u00e4hent\u00e4\u00e4 vammariski\u00e4. My\u00f6s lihasjumien aiheuttamat kivut lievittyv\u00e4t lihasj\u00e4nnitysten lieventyess\u00e4 \u2022 v\u00e4hent\u00e4\u00e4 sidekudosmuodostusta vammojen yhteydess\u00e4 \u2022 auttaa v\u00e4syneit\u00e4 lihaksia palautumaan nopeammin \u2022 parantaa verenkiertoa, jolloin ravintoaineiden ja hapen kuljetus kudoksiin tehostuu ja esim. vammojen paraneminen nopeutuu \u2022 imunestekierto paranee, mik\u00e4 tehostaa kuona-aineiden poistumista ja vahvistaa mm. immuunij\u00e4rjestelm\u00e4\u00e4 \u2022 mielihyv\u00e4hormoni oksitosiinin eritys lis\u00e4\u00e4ntyy hieronnan yhteydess\u00e4 eli hieronta esim. auttaa koiraa rentoutumaan ja rauhoittumaan, jolloin sen stressi v\u00e4henee \u2022 laskee verenpainetta, koska rentoutuneissa lihaksissa veri kiert\u00e4\u00e4 paremmin ja my\u00f6s oksitosiini vaikuttaa t\u00e4h\u00e4n \u2022 aineenvaihdunta paranee, mik\u00e4 vaikuttaa mm. suolen toimintaan \u2022 nivelnestekierto paranee, kun hieronnan yhteydess\u00e4 passiivisesti liikutellaan niveli\u00e4 \u2022 parantaa koiran turkin kuntoa    Eli aika paljon hyvi\u00e4 vaikutuksia hieronnalla on :-)    Ja hieronta sopii kaikille koirille i\u00e4st\u00e4, harrastuksista tai harrastamattomuudest\u00e4 riippumatta. Tiettyj\u00e4 terveydentilaan riittyvi\u00e4 rajoituksia on, mutta niist\u00e4 kannattaa kysy\u00e4 hierojalta ja aina kannattaa kysy\u00e4 my\u00f6s hoitavan l\u00e4\u00e4k\u00e4rin mielipidett\u00e4 hieronnasta.    Laitetaan h\u00e4nn\u00e4t huiskaamaan!","og_url":"https:\/\/shop.fifix.fi\/?product=lahjakortti-koirahierontaan","og_site_name":"Fifix nettipuoti","article_publisher":"https:\/\/fi-fi.facebook.com\/groups\/fifix\/","article_modified_time":"2022-05-09T10:37:36+00:00","og_image":[{"width":500,"height":500,"url":"https:\/\/shop.fifix.fi\/wp-content\/uploads\/2022\/05\/Lahjakortti-koirahierontaan.jpg","type":"image\/jpeg"}],"twitter_card":"summary_large_image","schema":{"@context":"https:\/\/schema.org","@graph":[{"@type":"WebPage","@id":"https:\/\/shop.fifix.fi\/?product=lahjakortti-koirahierontaan","url":"https:\/\/shop.fifix.fi\/?product=lahjakortti-koirahierontaan","name":"Lahjakortti KOIRAHIERONTAAN - Fifix nettipuoti","isPartOf":{"@id":"https:\/\/shop.fifix.fi\/#website"},"primaryImageOfPage":{"@id":"https:\/\/shop.fifix.fi\/?product=lahjakortti-koirahierontaan#primaryimage"},"image":{"@id":"https:\/\/shop.fifix.fi\/?product=lahjakortti-koirahierontaan#primaryimage"},"thumbnailUrl":"https:\/\/shop.fifix.fi\/wp-content\/uploads\/2022\/05\/Lahjakortti-koirahierontaan.jpg","datePublished":"2022-05-09T10:11:54+00:00","dateModified":"2022-05-09T10:37:36+00:00","breadcrumb":{"@id":"https:\/\/shop.fifix.fi\/?product=lahjakortti-koirahierontaan#breadcrumb"},"inLanguage":"fi","potentialAction":[{"@type":"ReadAction","target":["https:\/\/shop.fifix.fi\/?product=lahjakortti-koirahierontaan"]}]},{"@type":"ImageObject","inLanguage":"fi","@id":"https:\/\/shop.fifix.fi\/?product=lahjakortti-koirahierontaan#primaryimage","url":"https:\/\/shop.fifix.fi\/wp-content\/uploads\/2022\/05\/Lahjakortti-koirahierontaan.jpg","contentUrl":"https:\/\/shop.fifix.fi\/wp-content\/uploads\/2022\/05\/Lahjakortti-koirahierontaan.jpg","width":500,"height":500},{"@type":"BreadcrumbList","@id":"https:\/\/shop.fifix.fi\/?product=lahjakortti-koirahierontaan#breadcrumb","itemListElement":[{"@type":"ListItem","position":1,"name":"Etusivu","item":"https:\/\/shop.fifix.fi\/"},{"@type":"ListItem","position":2,"name":"KAUPPA","item":"https:\/\/shop.fifix.fi\/?page_id=6"},{"@type":"ListItem","position":3,"name":"Lahjakortti KOIRAHIERONTAAN"}]},{"@type":"WebSite","@id":"https:\/\/shop.fifix.fi\/#website","url":"https:\/\/shop.fifix.fi\/","name":"Fifix nettipuoti","description":"Fifix Europe ry:n nettipuoti","publisher":{"@id":"https:\/\/shop.fifix.fi\/#organization"},"potentialAction":[{"@type":"SearchAction","target":{"@type":"EntryPoint","urlTemplate":"https:\/\/shop.fifix.fi\/?s={search_term_string}"},"query-input":{"@type":"PropertyValueSpecification","valueRequired":true,"valueName":"search_term_string"}}],"inLanguage":"fi"},{"@type":"Organization","@id":"https:\/\/shop.fifix.fi\/#organization","name":"Fifix nettipuoti","url":"https:\/\/shop.fifix.fi\/","logo":{"@type":"ImageObject","inLanguage":"fi","@id":"https:\/\/shop.fifix.fi\/#\/schema\/logo\/image\/","url":"https:\/\/shop.fifix.fi\/wp-content\/uploads\/2021\/08\/nettipuoti.gif","contentUrl":"https:\/\/shop.fifix.fi\/wp-content\/uploads\/2021\/08\/nettipuoti.gif","width":400,"height":407,"caption":"Fifix nettipuoti"},"image":{"@id":"https:\/\/shop.fifix.fi\/#\/schema\/logo\/image\/"},"sameAs":["https:\/\/fi-fi.facebook.com\/groups\/fifix\/"]}]}},"jetpack_sharing_enabled":true,"_links":{"self":[{"href":"https:\/\/shop.fifix.fi\/index.php?rest_route=\/wp\/v2\/product\/2014","targetHints":{"allow":["GET"]}}],"collection":[{"href":"https:\/\/shop.fifix.fi\/index.php?rest_route=\/wp\/v2\/product"}],"about":[{"href":"https:\/\/shop.fifix.fi\/index.php?rest_route=\/wp\/v2\/types\/product"}],"wp:featuredmedia":[{"embeddable":true,"href":"https:\/\/shop.fifix.fi\/index.php?rest_route=\/wp\/v2\/media\/2015"}],"wp:attachment":[{"href":"https:\/\/shop.fifix.fi\/index.php?rest_route=%2Fwp%2Fv2%2Fmedia&parent=2014"}],"wp:term":[{"taxonomy":"product_brand","embeddable":true,"href":"https:\/\/shop.fifix.fi\/index.php?rest_route=%2Fwp%2Fv2%2Fproduct_brand&post=2014"},{"taxonomy":"product_cat","embeddable":true,"href":"https:\/\/shop.fifix.fi\/index.php?rest_route=%2Fwp%2Fv2%2Fproduct_cat&post=2014"},{"taxonomy":"product_tag","embeddable":true,"href":"https:\/\/shop.fifix.fi\/index.php?rest_route=%2Fwp%2Fv2%2Fproduct_tag&post=2014"}],"curies":[{"name":"wp","href":"https:\/\/api.w.org\/{rel}","templated":true}]}}