{"id":2037,"date":"2022-05-09T14:14:28","date_gmt":"2022-05-09T12:14:28","guid":{"rendered":"https:\/\/shop.fifix.fi\/?post_type=product&#038;p=2037"},"modified":"2022-05-09T14:18:07","modified_gmt":"2022-05-09T12:18:07","slug":"peace-korvikset-nro1","status":"publish","type":"product","link":"https:\/\/shop.fifix.fi\/?product=peace-korvikset-nro1","title":{"rendered":"Peace-korvikset nro1"},"content":{"rendered":"","protected":false},"excerpt":{"rendered":"<ul>\n<li>Peace &#8211; puu-, muovi- ja keraamisia helmi\u00e4<\/li>\n<li>Korun kokonaispituus 5,5cm.<\/li>\n<li>Nikkelitt\u00f6m\u00e4t koukut<\/li>\n<\/ul>\n<p>&nbsp;<\/p>\n<p>Hand made by Katrin korupaja \ud83d\ude09<\/p>\n","protected":false},"featured_media":2040,"template":"","meta":[],"product_brand":[],"product_cat":[15],"product_tag":[25],"class_list":{"0":"post-2037","1":"product","2":"type-product","3":"status-publish","4":"has-post-thumbnail","6":"product_cat-yleinen","7":"product_tag-huutisosasto","9":"first","10":"instock","11":"sold-individually","12":"shipping-taxable","13":"product-type-auction"},"yoast_head":"<!-- This site is optimized with the Yoast SEO plugin v27.4 - https:\/\/yoast.com\/product\/yoast-seo-wordpress\/ -->\n<title>Peace-korvikset nro1 - Fifix nettipuoti<\/title>\n<meta name=\"robots\" content=\"index, follow, max-snippet:-1, max-image-preview:large, max-video-preview:-1\" \/>\n<link rel=\"canonical\" href=\"https:\/\/shop.fifix.fi\/?product=peace-korvikset-nro1\" \/>\n<meta property=\"og:locale\" content=\"fi_FI\" \/>\n<meta property=\"og:type\" content=\"article\" \/>\n<meta property=\"og:title\" content=\"Peace-korvikset nro1 - Fifix nettipuoti\" \/>\n<meta property=\"og:description\" content=\"Peace - puu-, muovi- ja keraamisia helmi\u00e4  Korun kokonaispituus 5,5cm.  Nikkelitt\u00f6m\u00e4t koukut  &nbsp;  Hand made by Katrin korupaja ;-)\" \/>\n<meta property=\"og:url\" content=\"https:\/\/shop.fifix.fi\/?product=peace-korvikset-nro1\" \/>\n<meta property=\"og:site_name\" content=\"Fifix nettipuoti\" \/>\n<meta property=\"article:publisher\" content=\"https:\/\/fi-fi.facebook.com\/groups\/fifix\/\" \/>\n<meta property=\"article:modified_time\" content=\"2022-05-09T12:18:07+00:00\" \/>\n<meta property=\"og:image\" content=\"https:\/\/shop.fifix.fi\/wp-content\/uploads\/2022\/05\/15.jpg\" \/>\n\t<meta property=\"og:image:width\" content=\"637\" \/>\n\t<meta property=\"og:image:height\" content=\"800\" \/>\n\t<meta property=\"og:image:type\" content=\"image\/jpeg\" \/>\n<meta name=\"twitter:card\" content=\"summary_large_image\" \/>\n<script type=\"application\/ld+json\" class=\"yoast-schema-graph\">{\"@context\":\"https:\\\/\\\/schema.org\",\"@graph\":[{\"@type\":\"WebPage\",\"@id\":\"https:\\\/\\\/shop.fifix.fi\\\/?product=peace-korvikset-nro1\",\"url\":\"https:\\\/\\\/shop.fifix.fi\\\/?product=peace-korvikset-nro1\",\"name\":\"Peace-korvikset nro1 - Fifix nettipuoti\",\"isPartOf\":{\"@id\":\"https:\\\/\\\/shop.fifix.fi\\\/#website\"},\"primaryImageOfPage\":{\"@id\":\"https:\\\/\\\/shop.fifix.fi\\\/?product=peace-korvikset-nro1#primaryimage\"},\"image\":{\"@id\":\"https:\\\/\\\/shop.fifix.fi\\\/?product=peace-korvikset-nro1#primaryimage\"},\"thumbnailUrl\":\"https:\\\/\\\/shop.fifix.fi\\\/wp-content\\\/uploads\\\/2022\\\/05\\\/15.jpg\",\"datePublished\":\"2022-05-09T12:14:28+00:00\",\"dateModified\":\"2022-05-09T12:18:07+00:00\",\"breadcrumb\":{\"@id\":\"https:\\\/\\\/shop.fifix.fi\\\/?product=peace-korvikset-nro1#breadcrumb\"},\"inLanguage\":\"fi\",\"potentialAction\":[{\"@type\":\"ReadAction\",\"target\":[\"https:\\\/\\\/shop.fifix.fi\\\/?product=peace-korvikset-nro1\"]}]},{\"@type\":\"ImageObject\",\"inLanguage\":\"fi\",\"@id\":\"https:\\\/\\\/shop.fifix.fi\\\/?product=peace-korvikset-nro1#primaryimage\",\"url\":\"https:\\\/\\\/shop.fifix.fi\\\/wp-content\\\/uploads\\\/2022\\\/05\\\/15.jpg\",\"contentUrl\":\"https:\\\/\\\/shop.fifix.fi\\\/wp-content\\\/uploads\\\/2022\\\/05\\\/15.jpg\",\"width\":637,\"height\":800},{\"@type\":\"BreadcrumbList\",\"@id\":\"https:\\\/\\\/shop.fifix.fi\\\/?product=peace-korvikset-nro1#breadcrumb\",\"itemListElement\":[{\"@type\":\"ListItem\",\"position\":1,\"name\":\"Etusivu\",\"item\":\"https:\\\/\\\/shop.fifix.fi\\\/\"},{\"@type\":\"ListItem\",\"position\":2,\"name\":\"KAUPPA\",\"item\":\"https:\\\/\\\/shop.fifix.fi\\\/?page_id=6\"},{\"@type\":\"ListItem\",\"position\":3,\"name\":\"Peace-korvikset nro1\"}]},{\"@type\":\"WebSite\",\"@id\":\"https:\\\/\\\/shop.fifix.fi\\\/#website\",\"url\":\"https:\\\/\\\/shop.fifix.fi\\\/\",\"name\":\"Fifix nettipuoti\",\"description\":\"Fifix Europe ry:n nettipuoti\",\"publisher\":{\"@id\":\"https:\\\/\\\/shop.fifix.fi\\\/#organization\"},\"potentialAction\":[{\"@type\":\"SearchAction\",\"target\":{\"@type\":\"EntryPoint\",\"urlTemplate\":\"https:\\\/\\\/shop.fifix.fi\\\/?s={search_term_string}\"},\"query-input\":{\"@type\":\"PropertyValueSpecification\",\"valueRequired\":true,\"valueName\":\"search_term_string\"}}],\"inLanguage\":\"fi\"},{\"@type\":\"Organization\",\"@id\":\"https:\\\/\\\/shop.fifix.fi\\\/#organization\",\"name\":\"Fifix nettipuoti\",\"url\":\"https:\\\/\\\/shop.fifix.fi\\\/\",\"logo\":{\"@type\":\"ImageObject\",\"inLanguage\":\"fi\",\"@id\":\"https:\\\/\\\/shop.fifix.fi\\\/#\\\/schema\\\/logo\\\/image\\\/\",\"url\":\"https:\\\/\\\/shop.fifix.fi\\\/wp-content\\\/uploads\\\/2021\\\/08\\\/nettipuoti.gif\",\"contentUrl\":\"https:\\\/\\\/shop.fifix.fi\\\/wp-content\\\/uploads\\\/2021\\\/08\\\/nettipuoti.gif\",\"width\":400,\"height\":407,\"caption\":\"Fifix nettipuoti\"},\"image\":{\"@id\":\"https:\\\/\\\/shop.fifix.fi\\\/#\\\/schema\\\/logo\\\/image\\\/\"},\"sameAs\":[\"https:\\\/\\\/fi-fi.facebook.com\\\/groups\\\/fifix\\\/\"]}]}<\/script>\n<!-- \/ Yoast SEO plugin. -->","yoast_head_json":{"title":"Peace-korvikset nro1 - Fifix nettipuoti","robots":{"index":"index","follow":"follow","max-snippet":"max-snippet:-1","max-image-preview":"max-image-preview:large","max-video-preview":"max-video-preview:-1"},"canonical":"https:\/\/shop.fifix.fi\/?product=peace-korvikset-nro1","og_locale":"fi_FI","og_type":"article","og_title":"Peace-korvikset nro1 - Fifix nettipuoti","og_description":"Peace - puu-, muovi- ja keraamisia helmi\u00e4  Korun kokonaispituus 5,5cm.  Nikkelitt\u00f6m\u00e4t koukut  &nbsp;  Hand made by Katrin korupaja ;-)","og_url":"https:\/\/shop.fifix.fi\/?product=peace-korvikset-nro1","og_site_name":"Fifix nettipuoti","article_publisher":"https:\/\/fi-fi.facebook.com\/groups\/fifix\/","article_modified_time":"2022-05-09T12:18:07+00:00","og_image":[{"width":637,"height":800,"url":"https:\/\/shop.fifix.fi\/wp-content\/uploads\/2022\/05\/15.jpg","type":"image\/jpeg"}],"twitter_card":"summary_large_image","schema":{"@context":"https:\/\/schema.org","@graph":[{"@type":"WebPage","@id":"https:\/\/shop.fifix.fi\/?product=peace-korvikset-nro1","url":"https:\/\/shop.fifix.fi\/?product=peace-korvikset-nro1","name":"Peace-korvikset nro1 - Fifix nettipuoti","isPartOf":{"@id":"https:\/\/shop.fifix.fi\/#website"},"primaryImageOfPage":{"@id":"https:\/\/shop.fifix.fi\/?product=peace-korvikset-nro1#primaryimage"},"image":{"@id":"https:\/\/shop.fifix.fi\/?product=peace-korvikset-nro1#primaryimage"},"thumbnailUrl":"https:\/\/shop.fifix.fi\/wp-content\/uploads\/2022\/05\/15.jpg","datePublished":"2022-05-09T12:14:28+00:00","dateModified":"2022-05-09T12:18:07+00:00","breadcrumb":{"@id":"https:\/\/shop.fifix.fi\/?product=peace-korvikset-nro1#breadcrumb"},"inLanguage":"fi","potentialAction":[{"@type":"ReadAction","target":["https:\/\/shop.fifix.fi\/?product=peace-korvikset-nro1"]}]},{"@type":"ImageObject","inLanguage":"fi","@id":"https:\/\/shop.fifix.fi\/?product=peace-korvikset-nro1#primaryimage","url":"https:\/\/shop.fifix.fi\/wp-content\/uploads\/2022\/05\/15.jpg","contentUrl":"https:\/\/shop.fifix.fi\/wp-content\/uploads\/2022\/05\/15.jpg","width":637,"height":800},{"@type":"BreadcrumbList","@id":"https:\/\/shop.fifix.fi\/?product=peace-korvikset-nro1#breadcrumb","itemListElement":[{"@type":"ListItem","position":1,"name":"Etusivu","item":"https:\/\/shop.fifix.fi\/"},{"@type":"ListItem","position":2,"name":"KAUPPA","item":"https:\/\/shop.fifix.fi\/?page_id=6"},{"@type":"ListItem","position":3,"name":"Peace-korvikset nro1"}]},{"@type":"WebSite","@id":"https:\/\/shop.fifix.fi\/#website","url":"https:\/\/shop.fifix.fi\/","name":"Fifix nettipuoti","description":"Fifix Europe ry:n nettipuoti","publisher":{"@id":"https:\/\/shop.fifix.fi\/#organization"},"potentialAction":[{"@type":"SearchAction","target":{"@type":"EntryPoint","urlTemplate":"https:\/\/shop.fifix.fi\/?s={search_term_string}"},"query-input":{"@type":"PropertyValueSpecification","valueRequired":true,"valueName":"search_term_string"}}],"inLanguage":"fi"},{"@type":"Organization","@id":"https:\/\/shop.fifix.fi\/#organization","name":"Fifix nettipuoti","url":"https:\/\/shop.fifix.fi\/","logo":{"@type":"ImageObject","inLanguage":"fi","@id":"https:\/\/shop.fifix.fi\/#\/schema\/logo\/image\/","url":"https:\/\/shop.fifix.fi\/wp-content\/uploads\/2021\/08\/nettipuoti.gif","contentUrl":"https:\/\/shop.fifix.fi\/wp-content\/uploads\/2021\/08\/nettipuoti.gif","width":400,"height":407,"caption":"Fifix nettipuoti"},"image":{"@id":"https:\/\/shop.fifix.fi\/#\/schema\/logo\/image\/"},"sameAs":["https:\/\/fi-fi.facebook.com\/groups\/fifix\/"]}]}},"jetpack_sharing_enabled":true,"_links":{"self":[{"href":"https:\/\/shop.fifix.fi\/index.php?rest_route=\/wp\/v2\/product\/2037","targetHints":{"allow":["GET"]}}],"collection":[{"href":"https:\/\/shop.fifix.fi\/index.php?rest_route=\/wp\/v2\/product"}],"about":[{"href":"https:\/\/shop.fifix.fi\/index.php?rest_route=\/wp\/v2\/types\/product"}],"wp:featuredmedia":[{"embeddable":true,"href":"https:\/\/shop.fifix.fi\/index.php?rest_route=\/wp\/v2\/media\/2040"}],"wp:attachment":[{"href":"https:\/\/shop.fifix.fi\/index.php?rest_route=%2Fwp%2Fv2%2Fmedia&parent=2037"}],"wp:term":[{"taxonomy":"product_brand","embeddable":true,"href":"https:\/\/shop.fifix.fi\/index.php?rest_route=%2Fwp%2Fv2%2Fproduct_brand&post=2037"},{"taxonomy":"product_cat","embeddable":true,"href":"https:\/\/shop.fifix.fi\/index.php?rest_route=%2Fwp%2Fv2%2Fproduct_cat&post=2037"},{"taxonomy":"product_tag","embeddable":true,"href":"https:\/\/shop.fifix.fi\/index.php?rest_route=%2Fwp%2Fv2%2Fproduct_tag&post=2037"}],"curies":[{"name":"wp","href":"https:\/\/api.w.org\/{rel}","templated":true}]}}