{"id":83,"date":"2021-09-09T08:50:24","date_gmt":"2021-09-09T08:50:24","guid":{"rendered":"https:\/\/shop.fifix.fi\/?post_type=product&#038;p=83"},"modified":"2022-02-14T18:50:55","modified_gmt":"2022-02-14T16:50:55","slug":"huivi-koiralle-pieni-mutta-paattavainen","status":"publish","type":"product","link":"https:\/\/shop.fifix.fi\/?product=huivi-koiralle-pieni-mutta-paattavainen","title":{"rendered":"Huivi koiralle &#8211; Pieni mutta p\u00e4\u00e4tt\u00e4v\u00e4inen"},"content":{"rendered":"","protected":false},"excerpt":{"rendered":"<p><img loading=\"lazy\" decoding=\"async\" class=\"alignnone size-medium wp-image-138\" src=\"https:\/\/shop.fifix.fi\/wp-content\/uploads\/2021\/09\/Muru-225x300.jpg\" alt=\"\" width=\"225\" height=\"300\" srcset=\"https:\/\/shop.fifix.fi\/wp-content\/uploads\/2021\/09\/Muru-225x300.jpg 225w, https:\/\/shop.fifix.fi\/wp-content\/uploads\/2021\/09\/Muru-324x432.jpg 324w, https:\/\/shop.fifix.fi\/wp-content\/uploads\/2021\/09\/Muru-416x555.jpg 416w, https:\/\/shop.fifix.fi\/wp-content\/uploads\/2021\/09\/Muru.jpg 600w\" sizes=\"auto, (max-width: 225px) 100vw, 225px\" \/><\/p>\n<p><img loading=\"lazy\" decoding=\"async\" class=\"alignnone  wp-image-137\" src=\"https:\/\/shop.fifix.fi\/wp-content\/uploads\/2021\/09\/huivin-koko-2-300x278.jpg\" alt=\"\" width=\"210\" height=\"195\" srcset=\"https:\/\/shop.fifix.fi\/wp-content\/uploads\/2021\/09\/huivin-koko-2-300x278.jpg 300w, https:\/\/shop.fifix.fi\/wp-content\/uploads\/2021\/09\/huivin-koko-2-324x301.jpg 324w, https:\/\/shop.fifix.fi\/wp-content\/uploads\/2021\/09\/huivin-koko-2-416x386.jpg 416w, https:\/\/shop.fifix.fi\/wp-content\/uploads\/2021\/09\/huivin-koko-2-768x713.jpg 768w, https:\/\/shop.fifix.fi\/wp-content\/uploads\/2021\/09\/huivin-koko-2.jpg 781w\" sizes=\"auto, (max-width: 210px) 100vw, 210px\" \/><\/p>\n","protected":false},"featured_media":141,"template":"","meta":[],"product_brand":[],"product_cat":[19],"product_tag":[],"class_list":{"0":"post-83","1":"product","2":"type-product","3":"status-publish","4":"has-post-thumbnail","6":"product_cat-koirahuivit","8":"first","9":"instock","10":"shipping-taxable","11":"purchasable","12":"product-type-simple"},"yoast_head":"<!-- This site is optimized with the Yoast SEO plugin v27.4 - https:\/\/yoast.com\/product\/yoast-seo-wordpress\/ -->\n<title>Huivi koiralle - Pieni mutta p\u00e4\u00e4tt\u00e4v\u00e4inen - Fifix nettipuoti<\/title>\n<meta name=\"robots\" content=\"index, follow, max-snippet:-1, max-image-preview:large, max-video-preview:-1\" \/>\n<link rel=\"canonical\" href=\"https:\/\/shop.fifix.fi\/?product=huivi-koiralle-pieni-mutta-paattavainen\" \/>\n<meta property=\"og:locale\" content=\"fi_FI\" \/>\n<meta property=\"og:type\" content=\"article\" \/>\n<meta property=\"og:title\" content=\"Huivi koiralle - Pieni mutta p\u00e4\u00e4tt\u00e4v\u00e4inen - Fifix nettipuoti\" \/>\n<meta property=\"og:url\" content=\"https:\/\/shop.fifix.fi\/?product=huivi-koiralle-pieni-mutta-paattavainen\" \/>\n<meta property=\"og:site_name\" content=\"Fifix nettipuoti\" \/>\n<meta property=\"article:publisher\" content=\"https:\/\/fi-fi.facebook.com\/groups\/fifix\/\" \/>\n<meta property=\"article:modified_time\" content=\"2022-02-14T16:50:55+00:00\" \/>\n<meta property=\"og:image\" content=\"https:\/\/shop.fifix.fi\/wp-content\/uploads\/2021\/09\/Pippa.jpg\" \/>\n\t<meta property=\"og:image:width\" content=\"660\" \/>\n\t<meta property=\"og:image:height\" content=\"880\" \/>\n\t<meta property=\"og:image:type\" content=\"image\/jpeg\" \/>\n<meta name=\"twitter:card\" content=\"summary_large_image\" \/>\n<script type=\"application\/ld+json\" class=\"yoast-schema-graph\">{\"@context\":\"https:\\\/\\\/schema.org\",\"@graph\":[{\"@type\":\"WebPage\",\"@id\":\"https:\\\/\\\/shop.fifix.fi\\\/?product=huivi-koiralle-pieni-mutta-paattavainen\",\"url\":\"https:\\\/\\\/shop.fifix.fi\\\/?product=huivi-koiralle-pieni-mutta-paattavainen\",\"name\":\"Huivi koiralle - Pieni mutta p\u00e4\u00e4tt\u00e4v\u00e4inen - Fifix nettipuoti\",\"isPartOf\":{\"@id\":\"https:\\\/\\\/shop.fifix.fi\\\/#website\"},\"primaryImageOfPage\":{\"@id\":\"https:\\\/\\\/shop.fifix.fi\\\/?product=huivi-koiralle-pieni-mutta-paattavainen#primaryimage\"},\"image\":{\"@id\":\"https:\\\/\\\/shop.fifix.fi\\\/?product=huivi-koiralle-pieni-mutta-paattavainen#primaryimage\"},\"thumbnailUrl\":\"https:\\\/\\\/shop.fifix.fi\\\/wp-content\\\/uploads\\\/2021\\\/09\\\/Pippa.jpg\",\"datePublished\":\"2021-09-09T08:50:24+00:00\",\"dateModified\":\"2022-02-14T16:50:55+00:00\",\"breadcrumb\":{\"@id\":\"https:\\\/\\\/shop.fifix.fi\\\/?product=huivi-koiralle-pieni-mutta-paattavainen#breadcrumb\"},\"inLanguage\":\"fi\",\"potentialAction\":[{\"@type\":\"ReadAction\",\"target\":[\"https:\\\/\\\/shop.fifix.fi\\\/?product=huivi-koiralle-pieni-mutta-paattavainen\"]}]},{\"@type\":\"ImageObject\",\"inLanguage\":\"fi\",\"@id\":\"https:\\\/\\\/shop.fifix.fi\\\/?product=huivi-koiralle-pieni-mutta-paattavainen#primaryimage\",\"url\":\"https:\\\/\\\/shop.fifix.fi\\\/wp-content\\\/uploads\\\/2021\\\/09\\\/Pippa.jpg\",\"contentUrl\":\"https:\\\/\\\/shop.fifix.fi\\\/wp-content\\\/uploads\\\/2021\\\/09\\\/Pippa.jpg\",\"width\":660,\"height\":880},{\"@type\":\"BreadcrumbList\",\"@id\":\"https:\\\/\\\/shop.fifix.fi\\\/?product=huivi-koiralle-pieni-mutta-paattavainen#breadcrumb\",\"itemListElement\":[{\"@type\":\"ListItem\",\"position\":1,\"name\":\"Etusivu\",\"item\":\"https:\\\/\\\/shop.fifix.fi\\\/\"},{\"@type\":\"ListItem\",\"position\":2,\"name\":\"KAUPPA\",\"item\":\"https:\\\/\\\/shop.fifix.fi\\\/?page_id=6\"},{\"@type\":\"ListItem\",\"position\":3,\"name\":\"Huivi koiralle &#8211; Pieni mutta p\u00e4\u00e4tt\u00e4v\u00e4inen\"}]},{\"@type\":\"WebSite\",\"@id\":\"https:\\\/\\\/shop.fifix.fi\\\/#website\",\"url\":\"https:\\\/\\\/shop.fifix.fi\\\/\",\"name\":\"Fifix nettipuoti\",\"description\":\"Fifix Europe ry:n nettipuoti\",\"publisher\":{\"@id\":\"https:\\\/\\\/shop.fifix.fi\\\/#organization\"},\"potentialAction\":[{\"@type\":\"SearchAction\",\"target\":{\"@type\":\"EntryPoint\",\"urlTemplate\":\"https:\\\/\\\/shop.fifix.fi\\\/?s={search_term_string}\"},\"query-input\":{\"@type\":\"PropertyValueSpecification\",\"valueRequired\":true,\"valueName\":\"search_term_string\"}}],\"inLanguage\":\"fi\"},{\"@type\":\"Organization\",\"@id\":\"https:\\\/\\\/shop.fifix.fi\\\/#organization\",\"name\":\"Fifix nettipuoti\",\"url\":\"https:\\\/\\\/shop.fifix.fi\\\/\",\"logo\":{\"@type\":\"ImageObject\",\"inLanguage\":\"fi\",\"@id\":\"https:\\\/\\\/shop.fifix.fi\\\/#\\\/schema\\\/logo\\\/image\\\/\",\"url\":\"https:\\\/\\\/shop.fifix.fi\\\/wp-content\\\/uploads\\\/2021\\\/08\\\/nettipuoti.gif\",\"contentUrl\":\"https:\\\/\\\/shop.fifix.fi\\\/wp-content\\\/uploads\\\/2021\\\/08\\\/nettipuoti.gif\",\"width\":400,\"height\":407,\"caption\":\"Fifix nettipuoti\"},\"image\":{\"@id\":\"https:\\\/\\\/shop.fifix.fi\\\/#\\\/schema\\\/logo\\\/image\\\/\"},\"sameAs\":[\"https:\\\/\\\/fi-fi.facebook.com\\\/groups\\\/fifix\\\/\"]}]}<\/script>\n<!-- \/ Yoast SEO plugin. -->","yoast_head_json":{"title":"Huivi koiralle - Pieni mutta p\u00e4\u00e4tt\u00e4v\u00e4inen - Fifix nettipuoti","robots":{"index":"index","follow":"follow","max-snippet":"max-snippet:-1","max-image-preview":"max-image-preview:large","max-video-preview":"max-video-preview:-1"},"canonical":"https:\/\/shop.fifix.fi\/?product=huivi-koiralle-pieni-mutta-paattavainen","og_locale":"fi_FI","og_type":"article","og_title":"Huivi koiralle - Pieni mutta p\u00e4\u00e4tt\u00e4v\u00e4inen - Fifix nettipuoti","og_url":"https:\/\/shop.fifix.fi\/?product=huivi-koiralle-pieni-mutta-paattavainen","og_site_name":"Fifix nettipuoti","article_publisher":"https:\/\/fi-fi.facebook.com\/groups\/fifix\/","article_modified_time":"2022-02-14T16:50:55+00:00","og_image":[{"width":660,"height":880,"url":"https:\/\/shop.fifix.fi\/wp-content\/uploads\/2021\/09\/Pippa.jpg","type":"image\/jpeg"}],"twitter_card":"summary_large_image","schema":{"@context":"https:\/\/schema.org","@graph":[{"@type":"WebPage","@id":"https:\/\/shop.fifix.fi\/?product=huivi-koiralle-pieni-mutta-paattavainen","url":"https:\/\/shop.fifix.fi\/?product=huivi-koiralle-pieni-mutta-paattavainen","name":"Huivi koiralle - Pieni mutta p\u00e4\u00e4tt\u00e4v\u00e4inen - Fifix nettipuoti","isPartOf":{"@id":"https:\/\/shop.fifix.fi\/#website"},"primaryImageOfPage":{"@id":"https:\/\/shop.fifix.fi\/?product=huivi-koiralle-pieni-mutta-paattavainen#primaryimage"},"image":{"@id":"https:\/\/shop.fifix.fi\/?product=huivi-koiralle-pieni-mutta-paattavainen#primaryimage"},"thumbnailUrl":"https:\/\/shop.fifix.fi\/wp-content\/uploads\/2021\/09\/Pippa.jpg","datePublished":"2021-09-09T08:50:24+00:00","dateModified":"2022-02-14T16:50:55+00:00","breadcrumb":{"@id":"https:\/\/shop.fifix.fi\/?product=huivi-koiralle-pieni-mutta-paattavainen#breadcrumb"},"inLanguage":"fi","potentialAction":[{"@type":"ReadAction","target":["https:\/\/shop.fifix.fi\/?product=huivi-koiralle-pieni-mutta-paattavainen"]}]},{"@type":"ImageObject","inLanguage":"fi","@id":"https:\/\/shop.fifix.fi\/?product=huivi-koiralle-pieni-mutta-paattavainen#primaryimage","url":"https:\/\/shop.fifix.fi\/wp-content\/uploads\/2021\/09\/Pippa.jpg","contentUrl":"https:\/\/shop.fifix.fi\/wp-content\/uploads\/2021\/09\/Pippa.jpg","width":660,"height":880},{"@type":"BreadcrumbList","@id":"https:\/\/shop.fifix.fi\/?product=huivi-koiralle-pieni-mutta-paattavainen#breadcrumb","itemListElement":[{"@type":"ListItem","position":1,"name":"Etusivu","item":"https:\/\/shop.fifix.fi\/"},{"@type":"ListItem","position":2,"name":"KAUPPA","item":"https:\/\/shop.fifix.fi\/?page_id=6"},{"@type":"ListItem","position":3,"name":"Huivi koiralle &#8211; Pieni mutta p\u00e4\u00e4tt\u00e4v\u00e4inen"}]},{"@type":"WebSite","@id":"https:\/\/shop.fifix.fi\/#website","url":"https:\/\/shop.fifix.fi\/","name":"Fifix nettipuoti","description":"Fifix Europe ry:n nettipuoti","publisher":{"@id":"https:\/\/shop.fifix.fi\/#organization"},"potentialAction":[{"@type":"SearchAction","target":{"@type":"EntryPoint","urlTemplate":"https:\/\/shop.fifix.fi\/?s={search_term_string}"},"query-input":{"@type":"PropertyValueSpecification","valueRequired":true,"valueName":"search_term_string"}}],"inLanguage":"fi"},{"@type":"Organization","@id":"https:\/\/shop.fifix.fi\/#organization","name":"Fifix nettipuoti","url":"https:\/\/shop.fifix.fi\/","logo":{"@type":"ImageObject","inLanguage":"fi","@id":"https:\/\/shop.fifix.fi\/#\/schema\/logo\/image\/","url":"https:\/\/shop.fifix.fi\/wp-content\/uploads\/2021\/08\/nettipuoti.gif","contentUrl":"https:\/\/shop.fifix.fi\/wp-content\/uploads\/2021\/08\/nettipuoti.gif","width":400,"height":407,"caption":"Fifix nettipuoti"},"image":{"@id":"https:\/\/shop.fifix.fi\/#\/schema\/logo\/image\/"},"sameAs":["https:\/\/fi-fi.facebook.com\/groups\/fifix\/"]}]}},"jetpack_sharing_enabled":true,"_links":{"self":[{"href":"https:\/\/shop.fifix.fi\/index.php?rest_route=\/wp\/v2\/product\/83","targetHints":{"allow":["GET"]}}],"collection":[{"href":"https:\/\/shop.fifix.fi\/index.php?rest_route=\/wp\/v2\/product"}],"about":[{"href":"https:\/\/shop.fifix.fi\/index.php?rest_route=\/wp\/v2\/types\/product"}],"wp:featuredmedia":[{"embeddable":true,"href":"https:\/\/shop.fifix.fi\/index.php?rest_route=\/wp\/v2\/media\/141"}],"wp:attachment":[{"href":"https:\/\/shop.fifix.fi\/index.php?rest_route=%2Fwp%2Fv2%2Fmedia&parent=83"}],"wp:term":[{"taxonomy":"product_brand","embeddable":true,"href":"https:\/\/shop.fifix.fi\/index.php?rest_route=%2Fwp%2Fv2%2Fproduct_brand&post=83"},{"taxonomy":"product_cat","embeddable":true,"href":"https:\/\/shop.fifix.fi\/index.php?rest_route=%2Fwp%2Fv2%2Fproduct_cat&post=83"},{"taxonomy":"product_tag","embeddable":true,"href":"https:\/\/shop.fifix.fi\/index.php?rest_route=%2Fwp%2Fv2%2Fproduct_tag&post=83"}],"curies":[{"name":"wp","href":"https:\/\/api.w.org\/{rel}","templated":true}]}}